
{"id":1364,"date":"2024-02-29T15:59:16","date_gmt":"2024-02-29T15:59:16","guid":{"rendered":"https:\/\/www.fireireland.ie\/seiceail-do-theach-do-shabhailteacht-doiteain\/"},"modified":"2024-10-11T15:53:32","modified_gmt":"2024-10-11T14:53:32","slug":"seiceail-do-theach-do-shabhailteacht-doiteain","status":"publish","type":"page","link":"https:\/\/www.fireireland.ie\/ga\/seiceail-do-theach-do-shabhailteacht-doiteain\/","title":{"rendered":"Seice\u00e1il do Theach do Sh\u00e1bh\u00e1ilteacht D\u00f3ite\u00e1in"},"content":{"rendered":"\n<div class=\"wp-block-columns is-layout-flex wp-container-core-columns-is-layout-28f84493 wp-block-columns-is-layout-flex\">\n<div class=\"wp-block-column is-layout-flow wp-block-column-is-layout-flow\" style=\"flex-basis:20%\"><\/div>\n\n\n\n<div class=\"wp-block-column is-vertically-aligned-center ticss-b3964952 has-medium-font-size is-layout-flow wp-block-column-is-layout-flow\">\n<h2 class=\"wp-block-heading has-text-align-center\">Su\u00edomh Seachtrach<\/h2>\n\n\n\n<p class=\"has-text-align-center\">T\u00e1 an su\u00edomh seo \u00e1 bhainisti\u00fa ag Seirbh\u00eds D\u00f3ite\u00e1in na Gaillimhe.<\/p>\n\n\n\n<p class=\"has-text-align-center\">Beidh t\u00fa a atreor\u00fa i <span id=\"nSeconds\">5<\/span> soicind.<\/p>\n\n\n\n<div class=\"wp-block-buttons is-content-justification-center is-layout-flex wp-container-core-buttons-is-layout-a89b3969 wp-block-buttons-is-layout-flex\">\n<div class=\"wp-block-button btn px-3 py-2 color-white bg-color-red my-4\"><a class=\"wp-block-button__link has-white-color has-text-color has-background has-text-align-center wp-element-button\" href=\"https:\/\/survey123.arcgis.com\/share\/6d5983986ad94cd8818c489a47108ae5\" style=\"background-color:#ce0303\" target=\"_blank\" rel=\"noreferrer noopener\">T\u00e9igh Anois<\/a><\/div>\n\n\n\n<div class=\"wp-block-button btn px-3 py-2 color-white bg-color-red my-4\"><a class=\"wp-block-button__link has-white-color has-text-color has-background has-text-align-center wp-element-button\" href=\"\/\" style=\"background-color:#ce0303\">Cuir ar ceal<\/a><\/div>\n<\/div>\n<\/div>\n\n\n\n<div class=\"wp-block-column is-layout-flow wp-block-column-is-layout-flow\" style=\"flex-basis:20%\"><\/div>\n<\/div>\n\n<script>var interval = 5;\n\ndocument.addEventListener(\"DOMContentLoaded\", () => {\n    setInterval(function() { \n        interval--;\n\n        if (interval <= 0) { window.location = 'https:\/\/survey123.arcgis.com\/share\/6d5983986ad94cd8818c489a47108ae5 '; } else { document.getElementById('nSeconds').innerHTML = interval; } }, 1000); }); <\/script>\n","protected":false},"excerpt":{"rendered":"<p>Su\u00edomh Seachtrach T\u00e1 an su\u00edomh seo \u00e1 bhainisti\u00fa ag Seirbh\u00eds D\u00f3ite\u00e1in na Gaillimhe. Beidh t\u00fa a atreor\u00fa i 5 soicind.<\/p>\n","protected":false},"author":1,"featured_media":0,"parent":0,"menu_order":0,"comment_status":"closed","ping_status":"closed","template":"","meta":{"_acf_changed":false,"_uag_custom_page_level_css":"","site-sidebar-layout":"default","site-content-layout":"","ast-site-content-layout":"default","site-content-style":"default","site-sidebar-style":"default","ast-global-header-display":"","ast-banner-title-visibility":"","ast-main-header-display":"","ast-hfb-above-header-display":"","ast-hfb-below-header-display":"","ast-hfb-mobile-header-display":"","site-post-title":"","ast-breadcrumbs-content":"","ast-featured-img":"","footer-sml-layout":"","ast-disable-related-posts":"","theme-transparent-header-meta":"","adv-header-id-meta":"","stick-header-meta":"","header-above-stick-meta":"","header-main-stick-meta":"","header-below-stick-meta":"","astra-migrate-meta-layouts":"default","ast-page-background-enabled":"default","ast-page-background-meta":{"desktop":{"background-color":"var(--ast-global-color-4)","background-image":"","background-repeat":"repeat","background-position":"center center","background-size":"auto","background-attachment":"scroll","background-type":"","background-media":"","overlay-type":"","overlay-color":"","overlay-opacity":"","overlay-gradient":""},"tablet":{"background-color":"","background-image":"","background-repeat":"repeat","background-position":"center center","background-size":"auto","background-attachment":"scroll","background-type":"","background-media":"","overlay-type":"","overlay-color":"","overlay-opacity":"","overlay-gradient":""},"mobile":{"background-color":"","background-image":"","background-repeat":"repeat","background-position":"center center","background-size":"auto","background-attachment":"scroll","background-type":"","background-media":"","overlay-type":"","overlay-color":"","overlay-opacity":"","overlay-gradient":""}},"ast-content-background-meta":{"desktop":{"background-color":"var(--ast-global-color-5)","background-image":"","background-repeat":"repeat","background-position":"center center","background-size":"auto","background-attachment":"scroll","background-type":"","background-media":"","overlay-type":"","overlay-color":"","overlay-opacity":"","overlay-gradient":""},"tablet":{"background-color":"var(--ast-global-color-5)","background-image":"","background-repeat":"repeat","background-position":"center center","background-size":"auto","background-attachment":"scroll","background-type":"","background-media":"","overlay-type":"","overlay-color":"","overlay-opacity":"","overlay-gradient":""},"mobile":{"background-color":"var(--ast-global-color-5)","background-image":"","background-repeat":"repeat","background-position":"center center","background-size":"auto","background-attachment":"scroll","background-type":"","background-media":"","overlay-type":"","overlay-color":"","overlay-opacity":"","overlay-gradient":""}},"pgc_sgb_lightbox_settings":"","footnotes":""},"categories":[],"tags":[],"class_list":["post-1364","page","type-page","status-publish","hentry"],"acf":[],"yoast_head":"<!-- This site is optimized with the Yoast SEO plugin v27.2 - https:\/\/yoast.com\/product\/yoast-seo-wordpress\/ -->\n<title>Seice\u00e1il do Theach do Sh\u00e1bh\u00e1ilteacht D\u00f3ite\u00e1in - Fire Ireland<\/title>\n<meta name=\"robots\" content=\"index, follow, max-snippet:-1, max-image-preview:large, max-video-preview:-1\" \/>\n<link rel=\"canonical\" href=\"https:\/\/www.fireireland.ie\/ga\/seiceail-do-theach-do-shabhailteacht-doiteain\/\" \/>\n<meta property=\"og:locale\" content=\"ga_IE\" \/>\n<meta property=\"og:type\" content=\"article\" \/>\n<meta property=\"og:title\" content=\"Seice\u00e1il do Theach do Sh\u00e1bh\u00e1ilteacht D\u00f3ite\u00e1in - Fire Ireland\" \/>\n<meta property=\"og:description\" content=\"Su\u00edomh Seachtrach T\u00e1 an su\u00edomh seo \u00e1 bhainisti\u00fa ag Seirbh\u00eds D\u00f3ite\u00e1in na Gaillimhe. Beidh t\u00fa a atreor\u00fa i 5 soicind.\" \/>\n<meta property=\"og:url\" content=\"https:\/\/www.fireireland.ie\/ga\/seiceail-do-theach-do-shabhailteacht-doiteain\/\" \/>\n<meta property=\"og:site_name\" content=\"Fire Ireland\" \/>\n<meta property=\"article:publisher\" content=\"http:\/\/www.facebook.com\/IrishFireSafety\" \/>\n<meta property=\"article:modified_time\" content=\"2024-10-11T14:53:32+00:00\" \/>\n<meta name=\"twitter:card\" content=\"summary_large_image\" \/>\n<meta name=\"twitter:site\" content=\"@FireSafetyIre\" \/>\n<script type=\"application\/ld+json\" class=\"yoast-schema-graph\">{\"@context\":\"https:\/\/schema.org\",\"@graph\":[{\"@type\":\"WebPage\",\"@id\":\"https:\/\/www.fireireland.ie\/ga\/seiceail-do-theach-do-shabhailteacht-doiteain\/\",\"url\":\"https:\/\/www.fireireland.ie\/ga\/seiceail-do-theach-do-shabhailteacht-doiteain\/\",\"name\":\"Seice\u00e1il do Theach do Sh\u00e1bh\u00e1ilteacht D\u00f3ite\u00e1in - Fire Ireland\",\"isPartOf\":{\"@id\":\"https:\/\/www.fireireland.ie\/ga\/#website\"},\"datePublished\":\"2024-02-29T15:59:16+00:00\",\"dateModified\":\"2024-10-11T14:53:32+00:00\",\"breadcrumb\":{\"@id\":\"https:\/\/www.fireireland.ie\/ga\/seiceail-do-theach-do-shabhailteacht-doiteain\/#breadcrumb\"},\"inLanguage\":\"ga-IE\",\"potentialAction\":[{\"@type\":\"ReadAction\",\"target\":[\"https:\/\/www.fireireland.ie\/ga\/seiceail-do-theach-do-shabhailteacht-doiteain\/\"]}]},{\"@type\":\"BreadcrumbList\",\"@id\":\"https:\/\/www.fireireland.ie\/ga\/seiceail-do-theach-do-shabhailteacht-doiteain\/#breadcrumb\",\"itemListElement\":[{\"@type\":\"ListItem\",\"position\":1,\"name\":\"Home\",\"item\":\"https:\/\/www.fireireland.ie\/ga\/\"},{\"@type\":\"ListItem\",\"position\":2,\"name\":\"Seice\u00e1il do Theach do Sh\u00e1bh\u00e1ilteacht D\u00f3ite\u00e1in\"}]},{\"@type\":\"WebSite\",\"@id\":\"https:\/\/www.fireireland.ie\/ga\/#website\",\"url\":\"https:\/\/www.fireireland.ie\/ga\/\",\"name\":\"Fire Ireland\",\"description\":\"\",\"publisher\":{\"@id\":\"https:\/\/www.fireireland.ie\/ga\/#organization\"},\"potentialAction\":[{\"@type\":\"SearchAction\",\"target\":{\"@type\":\"EntryPoint\",\"urlTemplate\":\"https:\/\/www.fireireland.ie\/ga\/?s={search_term_string}\"},\"query-input\":{\"@type\":\"PropertyValueSpecification\",\"valueRequired\":true,\"valueName\":\"search_term_string\"}}],\"inLanguage\":\"ga-IE\"},{\"@type\":\"Organization\",\"@id\":\"https:\/\/www.fireireland.ie\/ga\/#organization\",\"name\":\"Department of Housing, Local Government and Heritage\",\"url\":\"https:\/\/www.fireireland.ie\/ga\/\",\"logo\":{\"@type\":\"ImageObject\",\"inLanguage\":\"ga-IE\",\"@id\":\"https:\/\/www.fireireland.ie\/ga\/#\/schema\/logo\/image\/\",\"url\":\"https:\/\/cdn.fireireland.ie\/wp-content\/uploads\/2024\/02\/02094911\/fireireland-1.png\",\"contentUrl\":\"https:\/\/cdn.fireireland.ie\/wp-content\/uploads\/2024\/02\/02094911\/fireireland-1.png\",\"width\":261,\"height\":72,\"caption\":\"Department of Housing, Local Government and Heritage\"},\"image\":{\"@id\":\"https:\/\/www.fireireland.ie\/ga\/#\/schema\/logo\/image\/\"},\"sameAs\":[\"http:\/\/www.facebook.com\/IrishFireSafety\",\"https:\/\/x.com\/FireSafetyIre\",\"http:\/\/www.youtube.com\/user\/NDFEM\"]}]}<\/script>\n<!-- \/ Yoast SEO plugin. -->","yoast_head_json":{"title":"Seice\u00e1il do Theach do Sh\u00e1bh\u00e1ilteacht D\u00f3ite\u00e1in - Fire Ireland","robots":{"index":"index","follow":"follow","max-snippet":"max-snippet:-1","max-image-preview":"max-image-preview:large","max-video-preview":"max-video-preview:-1"},"canonical":"https:\/\/www.fireireland.ie\/ga\/seiceail-do-theach-do-shabhailteacht-doiteain\/","og_locale":"ga_IE","og_type":"article","og_title":"Seice\u00e1il do Theach do Sh\u00e1bh\u00e1ilteacht D\u00f3ite\u00e1in - Fire Ireland","og_description":"Su\u00edomh Seachtrach T\u00e1 an su\u00edomh seo \u00e1 bhainisti\u00fa ag Seirbh\u00eds D\u00f3ite\u00e1in na Gaillimhe. Beidh t\u00fa a atreor\u00fa i 5 soicind.","og_url":"https:\/\/www.fireireland.ie\/ga\/seiceail-do-theach-do-shabhailteacht-doiteain\/","og_site_name":"Fire Ireland","article_publisher":"http:\/\/www.facebook.com\/IrishFireSafety","article_modified_time":"2024-10-11T14:53:32+00:00","twitter_card":"summary_large_image","twitter_site":"@FireSafetyIre","schema":{"@context":"https:\/\/schema.org","@graph":[{"@type":"WebPage","@id":"https:\/\/www.fireireland.ie\/ga\/seiceail-do-theach-do-shabhailteacht-doiteain\/","url":"https:\/\/www.fireireland.ie\/ga\/seiceail-do-theach-do-shabhailteacht-doiteain\/","name":"Seice\u00e1il do Theach do Sh\u00e1bh\u00e1ilteacht D\u00f3ite\u00e1in - Fire Ireland","isPartOf":{"@id":"https:\/\/www.fireireland.ie\/ga\/#website"},"datePublished":"2024-02-29T15:59:16+00:00","dateModified":"2024-10-11T14:53:32+00:00","breadcrumb":{"@id":"https:\/\/www.fireireland.ie\/ga\/seiceail-do-theach-do-shabhailteacht-doiteain\/#breadcrumb"},"inLanguage":"ga-IE","potentialAction":[{"@type":"ReadAction","target":["https:\/\/www.fireireland.ie\/ga\/seiceail-do-theach-do-shabhailteacht-doiteain\/"]}]},{"@type":"BreadcrumbList","@id":"https:\/\/www.fireireland.ie\/ga\/seiceail-do-theach-do-shabhailteacht-doiteain\/#breadcrumb","itemListElement":[{"@type":"ListItem","position":1,"name":"Home","item":"https:\/\/www.fireireland.ie\/ga\/"},{"@type":"ListItem","position":2,"name":"Seice\u00e1il do Theach do Sh\u00e1bh\u00e1ilteacht D\u00f3ite\u00e1in"}]},{"@type":"WebSite","@id":"https:\/\/www.fireireland.ie\/ga\/#website","url":"https:\/\/www.fireireland.ie\/ga\/","name":"Fire Ireland","description":"","publisher":{"@id":"https:\/\/www.fireireland.ie\/ga\/#organization"},"potentialAction":[{"@type":"SearchAction","target":{"@type":"EntryPoint","urlTemplate":"https:\/\/www.fireireland.ie\/ga\/?s={search_term_string}"},"query-input":{"@type":"PropertyValueSpecification","valueRequired":true,"valueName":"search_term_string"}}],"inLanguage":"ga-IE"},{"@type":"Organization","@id":"https:\/\/www.fireireland.ie\/ga\/#organization","name":"Department of Housing, Local Government and Heritage","url":"https:\/\/www.fireireland.ie\/ga\/","logo":{"@type":"ImageObject","inLanguage":"ga-IE","@id":"https:\/\/www.fireireland.ie\/ga\/#\/schema\/logo\/image\/","url":"https:\/\/cdn.fireireland.ie\/wp-content\/uploads\/2024\/02\/02094911\/fireireland-1.png","contentUrl":"https:\/\/cdn.fireireland.ie\/wp-content\/uploads\/2024\/02\/02094911\/fireireland-1.png","width":261,"height":72,"caption":"Department of Housing, Local Government and Heritage"},"image":{"@id":"https:\/\/www.fireireland.ie\/ga\/#\/schema\/logo\/image\/"},"sameAs":["http:\/\/www.facebook.com\/IrishFireSafety","https:\/\/x.com\/FireSafetyIre","http:\/\/www.youtube.com\/user\/NDFEM"]}]}},"spectra_custom_meta":{"_wpml_media_duplicate":["1"],"_wpml_media_featured":["1"],"_top_nav_excluded":[""],"_cms_nav_minihome":[""],"_last_translation_edit_mode":["translation-editor"],"_wp_page_template":[""],"_wpml_word_count":["{\"total\":52,\"to_translate\":{\"en\":52}}"],"_uagb_previous_block_counts":["a:90:{s:21:\"uagb\/advanced-heading\";i:0;s:15:\"uagb\/blockquote\";i:0;s:12:\"uagb\/buttons\";i:0;s:18:\"uagb\/buttons-child\";i:0;s:19:\"uagb\/call-to-action\";i:0;s:15:\"uagb\/cf7-styler\";i:0;s:11:\"uagb\/column\";i:0;s:12:\"uagb\/columns\";i:0;s:14:\"uagb\/container\";i:0;s:21:\"uagb\/content-timeline\";i:0;s:27:\"uagb\/content-timeline-child\";i:0;s:14:\"uagb\/countdown\";i:0;s:12:\"uagb\/counter\";i:0;s:8:\"uagb\/faq\";i:0;s:14:\"uagb\/faq-child\";i:0;s:10:\"uagb\/forms\";i:0;s:17:\"uagb\/forms-accept\";i:0;s:19:\"uagb\/forms-checkbox\";i:0;s:15:\"uagb\/forms-date\";i:0;s:16:\"uagb\/forms-email\";i:0;s:17:\"uagb\/forms-hidden\";i:0;s:15:\"uagb\/forms-name\";i:0;s:16:\"uagb\/forms-phone\";i:0;s:16:\"uagb\/forms-radio\";i:0;s:17:\"uagb\/forms-select\";i:0;s:19:\"uagb\/forms-textarea\";i:0;s:17:\"uagb\/forms-toggle\";i:0;s:14:\"uagb\/forms-url\";i:0;s:14:\"uagb\/gf-styler\";i:0;s:15:\"uagb\/google-map\";i:0;s:11:\"uagb\/how-to\";i:0;s:16:\"uagb\/how-to-step\";i:0;s:9:\"uagb\/icon\";i:0;s:14:\"uagb\/icon-list\";i:0;s:20:\"uagb\/icon-list-child\";i:0;s:10:\"uagb\/image\";i:0;s:18:\"uagb\/image-gallery\";i:0;s:13:\"uagb\/info-box\";i:0;s:18:\"uagb\/inline-notice\";i:0;s:11:\"uagb\/lottie\";i:0;s:21:\"uagb\/marketing-button\";i:0;s:10:\"uagb\/modal\";i:0;s:18:\"uagb\/popup-builder\";i:0;s:16:\"uagb\/post-button\";i:0;s:18:\"uagb\/post-carousel\";i:0;s:17:\"uagb\/post-excerpt\";i:0;s:14:\"uagb\/post-grid\";i:0;s:15:\"uagb\/post-image\";i:0;s:17:\"uagb\/post-masonry\";i:0;s:14:\"uagb\/post-meta\";i:0;s:18:\"uagb\/post-taxonomy\";i:0;s:18:\"uagb\/post-timeline\";i:0;s:15:\"uagb\/post-title\";i:0;s:20:\"uagb\/restaurant-menu\";i:0;s:26:\"uagb\/restaurant-menu-child\";i:0;s:11:\"uagb\/review\";i:0;s:12:\"uagb\/section\";i:0;s:14:\"uagb\/separator\";i:0;s:11:\"uagb\/slider\";i:0;s:17:\"uagb\/slider-child\";i:0;s:17:\"uagb\/social-share\";i:0;s:23:\"uagb\/social-share-child\";i:0;s:16:\"uagb\/star-rating\";i:0;s:23:\"uagb\/sure-cart-checkout\";i:0;s:22:\"uagb\/sure-cart-product\";i:0;s:15:\"uagb\/sure-forms\";i:0;s:22:\"uagb\/table-of-contents\";i:0;s:9:\"uagb\/tabs\";i:0;s:15:\"uagb\/tabs-child\";i:0;s:18:\"uagb\/taxonomy-list\";i:0;s:9:\"uagb\/team\";i:0;s:16:\"uagb\/testimonial\";i:0;s:14:\"uagb\/wp-search\";i:0;s:19:\"uagb\/instagram-feed\";i:0;s:10:\"uagb\/login\";i:0;s:17:\"uagb\/loop-builder\";i:0;s:18:\"uagb\/loop-category\";i:0;s:20:\"uagb\/loop-pagination\";i:0;s:15:\"uagb\/loop-reset\";i:0;s:16:\"uagb\/loop-search\";i:0;s:14:\"uagb\/loop-sort\";i:0;s:17:\"uagb\/loop-wrapper\";i:0;s:13:\"uagb\/register\";i:0;s:19:\"uagb\/register-email\";i:0;s:24:\"uagb\/register-first-name\";i:0;s:23:\"uagb\/register-last-name\";i:0;s:22:\"uagb\/register-password\";i:0;s:30:\"uagb\/register-reenter-password\";i:0;s:19:\"uagb\/register-terms\";i:0;s:22:\"uagb\/register-username\";i:0;}"],"_uag_page_assets":["a:9:{s:3:\"css\";s:0:\"\";s:2:\"js\";s:0:\"\";s:18:\"current_block_list\";a:16:{i:0;s:12:\"core\/columns\";i:1;s:11:\"core\/column\";i:3;s:12:\"core\/heading\";i:4;s:14:\"core\/paragraph\";i:5;s:12:\"core\/buttons\";i:6;s:11:\"core\/button\";i:7;s:9:\"core\/html\";i:8;s:11:\"core\/search\";i:9;s:10:\"core\/group\";i:10;s:17:\"core\/latest-posts\";i:11;s:20:\"core\/latest-comments\";i:12;s:13:\"core\/archives\";i:13;s:15:\"core\/categories\";i:14;s:17:\"core\/social-links\";i:15;s:16:\"core\/social-link\";i:18;s:10:\"core\/image\";}s:8:\"uag_flag\";b:0;s:11:\"uag_version\";s:10:\"1774521536\";s:6:\"gfonts\";a:0:{}s:10:\"gfonts_url\";s:0:\"\";s:12:\"gfonts_files\";a:0:{}s:14:\"uag_faq_layout\";b:0;}"]},"uagb_featured_image_src":{"full":false,"thumbnail":false,"medium":false,"medium_large":false,"large":false,"1536x1536":false,"2048x2048":false,"gform-image-choice-sm":false,"gform-image-choice-md":false,"gform-image-choice-lg":false},"uagb_author_info":{"display_name":"Robert.Lockwood","author_link":"https:\/\/www.fireireland.ie\/ga\/author\/robert-lockwood\/"},"uagb_comment_info":0,"uagb_excerpt":"Su\u00edomh Seachtrach T\u00e1 an su\u00edomh seo \u00e1 bhainisti\u00fa ag Seirbh\u00eds D\u00f3ite\u00e1in na Gaillimhe. Beidh t\u00fa a atreor\u00fa i 5 soicind.","_links":{"self":[{"href":"https:\/\/www.fireireland.ie\/ga\/wp-json\/wp\/v2\/pages\/1364","targetHints":{"allow":["GET"]}}],"collection":[{"href":"https:\/\/www.fireireland.ie\/ga\/wp-json\/wp\/v2\/pages"}],"about":[{"href":"https:\/\/www.fireireland.ie\/ga\/wp-json\/wp\/v2\/types\/page"}],"author":[{"embeddable":true,"href":"https:\/\/www.fireireland.ie\/ga\/wp-json\/wp\/v2\/users\/1"}],"replies":[{"embeddable":true,"href":"https:\/\/www.fireireland.ie\/ga\/wp-json\/wp\/v2\/comments?post=1364"}],"version-history":[{"count":6,"href":"https:\/\/www.fireireland.ie\/ga\/wp-json\/wp\/v2\/pages\/1364\/revisions"}],"predecessor-version":[{"id":2338,"href":"https:\/\/www.fireireland.ie\/ga\/wp-json\/wp\/v2\/pages\/1364\/revisions\/2338"}],"wp:attachment":[{"href":"https:\/\/www.fireireland.ie\/ga\/wp-json\/wp\/v2\/media?parent=1364"}],"wp:term":[{"taxonomy":"category","embeddable":true,"href":"https:\/\/www.fireireland.ie\/ga\/wp-json\/wp\/v2\/categories?post=1364"},{"taxonomy":"post_tag","embeddable":true,"href":"https:\/\/www.fireireland.ie\/ga\/wp-json\/wp\/v2\/tags?post=1364"}],"curies":[{"name":"wp","href":"https:\/\/api.w.org\/{rel}","templated":true}]}}