
{"id":1904,"date":"2024-04-05T13:41:43","date_gmt":"2024-04-05T12:41:43","guid":{"rendered":"https:\/\/www.fireireland.ie\/cuinne-na-leanai\/cuir-glaoch-ar-112-no-999\/"},"modified":"2025-04-01T14:37:01","modified_gmt":"2025-04-01T13:37:01","slug":"cuir-glaoch-ar-112-no-999","status":"publish","type":"page","link":"https:\/\/www.fireireland.ie\/ga\/cuinne-na-leanai\/cuir-glaoch-ar-112-no-999\/","title":{"rendered":"Glaoch a chur ar 112 n\u00f3 999"},"content":{"rendered":"\n<div class=\"wp-block-cover alignfull is-light has-custom-content-position is-position-bottom-left\"><span aria-hidden=\"true\" class=\"wp-block-cover__background has-background-dim-0 has-background-dim\"><\/span><img loading=\"lazy\" decoding=\"async\" width=\"1259\" height=\"486\" src=\"https:\/\/cdn.fireireland.ie\/wp-content\/uploads\/2024\/04\/02094855\/fire-station.png\" class=\"wp-block-cover__image-background wp-post-image\" alt=\"Fire Station\" data-object-fit=\"cover\" data-object-position=\"81% 50%\" style=\"object-position:81% 50%;\" srcset=\"https:\/\/cdn.fireireland.ie\/wp-content\/uploads\/2024\/04\/02094855\/fire-station.png 1259w, https:\/\/cdn.fireireland.ie\/wp-content\/uploads\/2024\/04\/02094855\/fire-station-300x116.png 300w, https:\/\/cdn.fireireland.ie\/wp-content\/uploads\/2024\/04\/02094855\/fire-station-1024x395.png 1024w, https:\/\/cdn.fireireland.ie\/wp-content\/uploads\/2024\/04\/02094855\/fire-station-768x296.png 768w\" sizes=\"auto, (max-width: 1259px) 100vw, 1259px\" \/><div class=\"wp-block-cover__inner-container is-layout-constrained wp-block-cover-is-layout-constrained\">\n<div class=\"wp-block-group is-layout-constrained wp-block-group-is-layout-constrained\">\n<h1 class=\"wp-block-heading has-text-align-right has-large-font-size\"><mark style=\"background-color:rgba(0, 0, 0, 0)\" class=\"has-inline-color has-ast-global-color-0-color\">Glaoch a chur<\/mark> ar 112 n\u00f3 999<\/h1>\n<\/div>\n<\/div><\/div>\n\n<div style=\"height:25px\" aria-hidden=\"true\" class=\"wp-block-spacer\"><\/div>\n\n\t\t\t<!-- Flexy Breadcrumb -->\r\n\t\t\t<div class=\"fbc fbc-page\">\r\n\r\n\t\t\t\t<!-- Breadcrumb wrapper -->\r\n\t\t\t\t<div class=\"fbc-wrap\">\r\n\r\n\t\t\t\t\t<!-- Ordered list-->\r\n\t\t\t\t\t<ol class=\"fbc-items\" itemscope itemtype=\"https:\/\/schema.org\/BreadcrumbList\">\r\n\t\t\t\t\t\t            <li itemprop=\"itemListElement\" itemscope itemtype=\"https:\/\/schema.org\/ListItem\">\r\n                <span itemprop=\"name\">\r\n                    <!-- Home Link -->\r\n                    <a itemprop=\"item\" href=\"https:\/\/www.fireireland.ie\">\r\n                    \r\n                                                    <i class=\"fa fa-home\" aria-hidden=\"true\"><\/i>Home                    <\/a>\r\n                <\/span>\r\n                <meta itemprop=\"position\" content=\"1\" \/><!-- Meta Position-->\r\n             <\/li><li><span class=\"fbc-separator\">\/<\/span><\/li><li class=\"active\" itemprop=\"itemListElement\" itemscope itemtype=\"https:\/\/schema.org\/ListItem\"><span itemprop=\"name\" title=\"Glaoch a chur ar 112 n\u00f3 999\">Glaoch a chur ar 112 n\u00f3 999<\/span><meta itemprop=\"position\" content=\"2\" \/><\/li>\t\t\t\t\t<\/ol>\r\n\t\t\t\t\t<div class=\"clearfix\"><\/div>\r\n\t\t\t\t<\/div>\r\n\t\t\t<\/div>\r\n\t\t\t\n\n<div style=\"height:50px\" aria-hidden=\"true\" class=\"wp-block-spacer\"><\/div>\n\n<ul class=\"wp-block-list has-medium-font-size\">\n<li>Glaoigh ar 999 n\u00f3 112.<\/li>\n\n\n\n<li>Iarr ar an tseirbh\u00eds d\u00f3ite\u00e1in.<\/li>\n\n\n\n<li>Labhair go socair agus go soil\u00e9ir.<\/li>\n\n\n\n<li>Tabhair do sheoladh agus d&#8217;uimhir f\u00f3in.<\/li>\n\n\n\n<li>B\u00edodh d&#8217;\u00c9irch\u00f3d ar eolas agat.<\/li>\n\n\n\n<li>N\u00e1 croch suas an f\u00f3n go dt\u00ed go ndeir an t-oibritheoir leat \u00e9 sin a dh\u00e9anamh.<\/li>\n<\/ul>\n\n<div style=\"height:50px\" aria-hidden=\"true\" class=\"wp-block-spacer\"><\/div>\n\n<figure class=\"wp-block-image aligncenter size-full\"><img loading=\"lazy\" decoding=\"async\" width=\"843\" height=\"1022\" src=\"https:\/\/cdn.fireireland.ie\/wp-content\/uploads\/2024\/05\/30100253\/never-give-fire-a-chance-1_1.png\" alt=\"Cuir glaoch ar 112 n&#xF3; 999\" class=\"wp-image-2058\" srcset=\"https:\/\/cdn.fireireland.ie\/wp-content\/uploads\/2024\/05\/30100253\/never-give-fire-a-chance-1_1.png 843w, https:\/\/cdn.fireireland.ie\/wp-content\/uploads\/2024\/05\/30100253\/never-give-fire-a-chance-1_1-247x300.png 247w, https:\/\/cdn.fireireland.ie\/wp-content\/uploads\/2024\/05\/30100253\/never-give-fire-a-chance-1_1-768x931.png 768w\" sizes=\"auto, (max-width: 843px) 100vw, 843px\" \/><\/figure>\n\n<div style=\"height:50px\" aria-hidden=\"true\" class=\"wp-block-spacer\"><\/div>\n","protected":false},"excerpt":{"rendered":"","protected":false},"author":1,"featured_media":1694,"parent":585,"menu_order":2,"comment_status":"closed","ping_status":"closed","template":"","meta":{"_acf_changed":false,"_uag_custom_page_level_css":"","site-sidebar-layout":"default","site-content-layout":"","ast-site-content-layout":"default","site-content-style":"boxed","site-sidebar-style":"default","ast-global-header-display":"","ast-banner-title-visibility":"","ast-main-header-display":"","ast-hfb-above-header-display":"","ast-hfb-below-header-display":"","ast-hfb-mobile-header-display":"","site-post-title":"disabled","ast-breadcrumbs-content":"","ast-featured-img":"","footer-sml-layout":"","ast-disable-related-posts":"","theme-transparent-header-meta":"","adv-header-id-meta":"","stick-header-meta":"","header-above-stick-meta":"","header-main-stick-meta":"","header-below-stick-meta":"","astra-migrate-meta-layouts":"default","ast-page-background-enabled":"default","ast-page-background-meta":{"desktop":{"background-color":"var(--ast-global-color-4)","background-image":"","background-repeat":"repeat","background-position":"center center","background-size":"auto","background-attachment":"scroll","background-type":"","background-media":"","overlay-type":"","overlay-color":"","overlay-opacity":"","overlay-gradient":""},"tablet":{"background-color":"","background-image":"","background-repeat":"repeat","background-position":"center center","background-size":"auto","background-attachment":"scroll","background-type":"","background-media":"","overlay-type":"","overlay-color":"","overlay-opacity":"","overlay-gradient":""},"mobile":{"background-color":"","background-image":"","background-repeat":"repeat","background-position":"center center","background-size":"auto","background-attachment":"scroll","background-type":"","background-media":"","overlay-type":"","overlay-color":"","overlay-opacity":"","overlay-gradient":""}},"ast-content-background-meta":{"desktop":{"background-color":"var(--ast-global-color-5)","background-image":"","background-repeat":"repeat","background-position":"center center","background-size":"auto","background-attachment":"scroll","background-type":"","background-media":"","overlay-type":"","overlay-color":"","overlay-opacity":"","overlay-gradient":""},"tablet":{"background-color":"var(--ast-global-color-5)","background-image":"","background-repeat":"repeat","background-position":"center center","background-size":"auto","background-attachment":"scroll","background-type":"","background-media":"","overlay-type":"","overlay-color":"","overlay-opacity":"","overlay-gradient":""},"mobile":{"background-color":"var(--ast-global-color-5)","background-image":"","background-repeat":"repeat","background-position":"center center","background-size":"auto","background-attachment":"scroll","background-type":"","background-media":"","overlay-type":"","overlay-color":"","overlay-opacity":"","overlay-gradient":""}},"pgc_sgb_lightbox_settings":"","footnotes":""},"categories":[],"tags":[],"class_list":["post-1904","page","type-page","status-publish","has-post-thumbnail","hentry"],"acf":[],"yoast_head":"<!-- This site is optimized with the Yoast SEO plugin v27.5 - https:\/\/yoast.com\/product\/yoast-seo-wordpress\/ -->\n<title>Glaoch a chur ar 112 n\u00f3 999 - Fire Ireland<\/title>\n<meta name=\"robots\" content=\"index, follow, max-snippet:-1, max-image-preview:large, max-video-preview:-1\" \/>\n<link rel=\"canonical\" href=\"https:\/\/www.fireireland.ie\/ga\/cuinne-na-leanai\/cuir-glaoch-ar-112-no-999\/\" \/>\n<meta property=\"og:locale\" content=\"ga_IE\" \/>\n<meta property=\"og:type\" content=\"article\" \/>\n<meta property=\"og:title\" content=\"Glaoch a chur ar 112 n\u00f3 999 - Fire Ireland\" \/>\n<meta property=\"og:url\" content=\"https:\/\/www.fireireland.ie\/ga\/cuinne-na-leanai\/cuir-glaoch-ar-112-no-999\/\" \/>\n<meta property=\"og:site_name\" content=\"Fire Ireland\" \/>\n<meta property=\"article:publisher\" content=\"http:\/\/www.facebook.com\/IrishFireSafety\" \/>\n<meta property=\"article:modified_time\" content=\"2025-04-01T13:37:01+00:00\" \/>\n<meta property=\"og:image\" content=\"https:\/\/cdn.fireireland.ie\/wp-content\/uploads\/2024\/04\/02094855\/fire-station.png\" \/>\n\t<meta property=\"og:image:width\" content=\"1259\" \/>\n\t<meta property=\"og:image:height\" content=\"486\" \/>\n\t<meta property=\"og:image:type\" content=\"image\/png\" \/>\n<meta name=\"twitter:card\" content=\"summary_large_image\" \/>\n<meta name=\"twitter:site\" content=\"@FireSafetyIre\" \/>\n<script type=\"application\/ld+json\" class=\"yoast-schema-graph\">{\"@context\":\"https:\\\/\\\/schema.org\",\"@graph\":[{\"@type\":\"WebPage\",\"@id\":\"https:\\\/\\\/www.fireireland.ie\\\/ga\\\/cuinne-na-leanai\\\/cuir-glaoch-ar-112-no-999\\\/\",\"url\":\"https:\\\/\\\/www.fireireland.ie\\\/ga\\\/cuinne-na-leanai\\\/cuir-glaoch-ar-112-no-999\\\/\",\"name\":\"Glaoch a chur ar 112 n\u00f3 999 - Fire Ireland\",\"isPartOf\":{\"@id\":\"https:\\\/\\\/www.fireireland.ie\\\/ga\\\/#website\"},\"primaryImageOfPage\":{\"@id\":\"https:\\\/\\\/www.fireireland.ie\\\/ga\\\/cuinne-na-leanai\\\/cuir-glaoch-ar-112-no-999\\\/#primaryimage\"},\"image\":{\"@id\":\"https:\\\/\\\/www.fireireland.ie\\\/ga\\\/cuinne-na-leanai\\\/cuir-glaoch-ar-112-no-999\\\/#primaryimage\"},\"thumbnailUrl\":\"https:\\\/\\\/cdn.fireireland.ie\\\/wp-content\\\/uploads\\\/2024\\\/04\\\/02094855\\\/fire-station.png\",\"datePublished\":\"2024-04-05T12:41:43+00:00\",\"dateModified\":\"2025-04-01T13:37:01+00:00\",\"breadcrumb\":{\"@id\":\"https:\\\/\\\/www.fireireland.ie\\\/ga\\\/cuinne-na-leanai\\\/cuir-glaoch-ar-112-no-999\\\/#breadcrumb\"},\"inLanguage\":\"ga-IE\",\"potentialAction\":[{\"@type\":\"ReadAction\",\"target\":[\"https:\\\/\\\/www.fireireland.ie\\\/ga\\\/cuinne-na-leanai\\\/cuir-glaoch-ar-112-no-999\\\/\"]}]},{\"@type\":\"ImageObject\",\"inLanguage\":\"ga-IE\",\"@id\":\"https:\\\/\\\/www.fireireland.ie\\\/ga\\\/cuinne-na-leanai\\\/cuir-glaoch-ar-112-no-999\\\/#primaryimage\",\"url\":\"https:\\\/\\\/cdn.fireireland.ie\\\/wp-content\\\/uploads\\\/2024\\\/04\\\/02094855\\\/fire-station.png\",\"contentUrl\":\"https:\\\/\\\/cdn.fireireland.ie\\\/wp-content\\\/uploads\\\/2024\\\/04\\\/02094855\\\/fire-station.png\",\"width\":1259,\"height\":486,\"caption\":\"Fire Station\"},{\"@type\":\"BreadcrumbList\",\"@id\":\"https:\\\/\\\/www.fireireland.ie\\\/ga\\\/cuinne-na-leanai\\\/cuir-glaoch-ar-112-no-999\\\/#breadcrumb\",\"itemListElement\":[{\"@type\":\"ListItem\",\"position\":1,\"name\":\"Home\",\"item\":\"https:\\\/\\\/www.fireireland.ie\\\/ga\\\/\"},{\"@type\":\"ListItem\",\"position\":2,\"name\":\"C\u00fainne na Leana\u00ed\",\"item\":\"https:\\\/\\\/www.fireireland.ie\\\/ga\\\/cuinne-na-leanai\\\/\"},{\"@type\":\"ListItem\",\"position\":3,\"name\":\"Glaoch a chur ar 112 n\u00f3 999\"}]},{\"@type\":\"WebSite\",\"@id\":\"https:\\\/\\\/www.fireireland.ie\\\/ga\\\/#website\",\"url\":\"https:\\\/\\\/www.fireireland.ie\\\/ga\\\/\",\"name\":\"Fire Ireland\",\"description\":\"\",\"publisher\":{\"@id\":\"https:\\\/\\\/www.fireireland.ie\\\/ga\\\/#organization\"},\"potentialAction\":[{\"@type\":\"SearchAction\",\"target\":{\"@type\":\"EntryPoint\",\"urlTemplate\":\"https:\\\/\\\/www.fireireland.ie\\\/ga\\\/?s={search_term_string}\"},\"query-input\":{\"@type\":\"PropertyValueSpecification\",\"valueRequired\":true,\"valueName\":\"search_term_string\"}}],\"inLanguage\":\"ga-IE\"},{\"@type\":\"Organization\",\"@id\":\"https:\\\/\\\/www.fireireland.ie\\\/ga\\\/#organization\",\"name\":\"Department of Housing, Local Government and Heritage\",\"url\":\"https:\\\/\\\/www.fireireland.ie\\\/ga\\\/\",\"logo\":{\"@type\":\"ImageObject\",\"inLanguage\":\"ga-IE\",\"@id\":\"https:\\\/\\\/www.fireireland.ie\\\/ga\\\/#\\\/schema\\\/logo\\\/image\\\/\",\"url\":\"https:\\\/\\\/cdn.fireireland.ie\\\/wp-content\\\/uploads\\\/2024\\\/02\\\/02094911\\\/fireireland-1.png\",\"contentUrl\":\"https:\\\/\\\/cdn.fireireland.ie\\\/wp-content\\\/uploads\\\/2024\\\/02\\\/02094911\\\/fireireland-1.png\",\"width\":261,\"height\":72,\"caption\":\"Department of Housing, Local Government and Heritage\"},\"image\":{\"@id\":\"https:\\\/\\\/www.fireireland.ie\\\/ga\\\/#\\\/schema\\\/logo\\\/image\\\/\"},\"sameAs\":[\"http:\\\/\\\/www.facebook.com\\\/IrishFireSafety\",\"https:\\\/\\\/x.com\\\/FireSafetyIre\",\"http:\\\/\\\/www.youtube.com\\\/user\\\/NDFEM\"]}]}<\/script>\n<!-- \/ Yoast SEO plugin. -->","yoast_head_json":{"title":"Glaoch a chur ar 112 n\u00f3 999 - Fire Ireland","robots":{"index":"index","follow":"follow","max-snippet":"max-snippet:-1","max-image-preview":"max-image-preview:large","max-video-preview":"max-video-preview:-1"},"canonical":"https:\/\/www.fireireland.ie\/ga\/cuinne-na-leanai\/cuir-glaoch-ar-112-no-999\/","og_locale":"ga_IE","og_type":"article","og_title":"Glaoch a chur ar 112 n\u00f3 999 - Fire Ireland","og_url":"https:\/\/www.fireireland.ie\/ga\/cuinne-na-leanai\/cuir-glaoch-ar-112-no-999\/","og_site_name":"Fire Ireland","article_publisher":"http:\/\/www.facebook.com\/IrishFireSafety","article_modified_time":"2025-04-01T13:37:01+00:00","og_image":[{"width":1259,"height":486,"url":"https:\/\/cdn.fireireland.ie\/wp-content\/uploads\/2024\/04\/02094855\/fire-station.png","type":"image\/png"}],"twitter_card":"summary_large_image","twitter_site":"@FireSafetyIre","schema":{"@context":"https:\/\/schema.org","@graph":[{"@type":"WebPage","@id":"https:\/\/www.fireireland.ie\/ga\/cuinne-na-leanai\/cuir-glaoch-ar-112-no-999\/","url":"https:\/\/www.fireireland.ie\/ga\/cuinne-na-leanai\/cuir-glaoch-ar-112-no-999\/","name":"Glaoch a chur ar 112 n\u00f3 999 - Fire Ireland","isPartOf":{"@id":"https:\/\/www.fireireland.ie\/ga\/#website"},"primaryImageOfPage":{"@id":"https:\/\/www.fireireland.ie\/ga\/cuinne-na-leanai\/cuir-glaoch-ar-112-no-999\/#primaryimage"},"image":{"@id":"https:\/\/www.fireireland.ie\/ga\/cuinne-na-leanai\/cuir-glaoch-ar-112-no-999\/#primaryimage"},"thumbnailUrl":"https:\/\/cdn.fireireland.ie\/wp-content\/uploads\/2024\/04\/02094855\/fire-station.png","datePublished":"2024-04-05T12:41:43+00:00","dateModified":"2025-04-01T13:37:01+00:00","breadcrumb":{"@id":"https:\/\/www.fireireland.ie\/ga\/cuinne-na-leanai\/cuir-glaoch-ar-112-no-999\/#breadcrumb"},"inLanguage":"ga-IE","potentialAction":[{"@type":"ReadAction","target":["https:\/\/www.fireireland.ie\/ga\/cuinne-na-leanai\/cuir-glaoch-ar-112-no-999\/"]}]},{"@type":"ImageObject","inLanguage":"ga-IE","@id":"https:\/\/www.fireireland.ie\/ga\/cuinne-na-leanai\/cuir-glaoch-ar-112-no-999\/#primaryimage","url":"https:\/\/cdn.fireireland.ie\/wp-content\/uploads\/2024\/04\/02094855\/fire-station.png","contentUrl":"https:\/\/cdn.fireireland.ie\/wp-content\/uploads\/2024\/04\/02094855\/fire-station.png","width":1259,"height":486,"caption":"Fire Station"},{"@type":"BreadcrumbList","@id":"https:\/\/www.fireireland.ie\/ga\/cuinne-na-leanai\/cuir-glaoch-ar-112-no-999\/#breadcrumb","itemListElement":[{"@type":"ListItem","position":1,"name":"Home","item":"https:\/\/www.fireireland.ie\/ga\/"},{"@type":"ListItem","position":2,"name":"C\u00fainne na Leana\u00ed","item":"https:\/\/www.fireireland.ie\/ga\/cuinne-na-leanai\/"},{"@type":"ListItem","position":3,"name":"Glaoch a chur ar 112 n\u00f3 999"}]},{"@type":"WebSite","@id":"https:\/\/www.fireireland.ie\/ga\/#website","url":"https:\/\/www.fireireland.ie\/ga\/","name":"Fire Ireland","description":"","publisher":{"@id":"https:\/\/www.fireireland.ie\/ga\/#organization"},"potentialAction":[{"@type":"SearchAction","target":{"@type":"EntryPoint","urlTemplate":"https:\/\/www.fireireland.ie\/ga\/?s={search_term_string}"},"query-input":{"@type":"PropertyValueSpecification","valueRequired":true,"valueName":"search_term_string"}}],"inLanguage":"ga-IE"},{"@type":"Organization","@id":"https:\/\/www.fireireland.ie\/ga\/#organization","name":"Department of Housing, Local Government and Heritage","url":"https:\/\/www.fireireland.ie\/ga\/","logo":{"@type":"ImageObject","inLanguage":"ga-IE","@id":"https:\/\/www.fireireland.ie\/ga\/#\/schema\/logo\/image\/","url":"https:\/\/cdn.fireireland.ie\/wp-content\/uploads\/2024\/02\/02094911\/fireireland-1.png","contentUrl":"https:\/\/cdn.fireireland.ie\/wp-content\/uploads\/2024\/02\/02094911\/fireireland-1.png","width":261,"height":72,"caption":"Department of Housing, Local Government and Heritage"},"image":{"@id":"https:\/\/www.fireireland.ie\/ga\/#\/schema\/logo\/image\/"},"sameAs":["http:\/\/www.facebook.com\/IrishFireSafety","https:\/\/x.com\/FireSafetyIre","http:\/\/www.youtube.com\/user\/NDFEM"]}]}},"spectra_custom_meta":{"adv-header-id-meta":[""],"stick-header-meta":[""],"site-post-title":["disabled"],"theme-transparent-header-meta":[""],"site-content-style":["boxed"],"_wpml_media_duplicate":["1"],"_wpml_media_featured":["1"],"_top_nav_excluded":[""],"_cms_nav_minihome":[""],"_thumbnail_id":["1694"],"_last_translation_edit_mode":["translation-editor"],"_wp_page_template":[""],"amazonS3_cache":["a:5:{s:78:\"\/\/www.fireireland.ie\/wp-content\/uploads\/2024\/04\/never-give-fire-a-chance-1.png\";a:2:{s:2:\"id\";i:2004;s:11:\"source_type\";s:13:\"media-library\";}s:107:\"\/\/fi-cdn-live.s3.eu-west-1.amazonaws.com\/wp-content\/uploads\/2024\/04\/02094844\/never-give-fire-a-chance-1.png\";a:2:{s:2:\"id\";i:2004;s:11:\"source_type\";s:13:\"media-library\";}s:80:\"\/\/www.fireireland.ie\/wp-content\/uploads\/2024\/05\/never-give-fire-a-chance-1_1.png\";a:2:{s:2:\"id\";i:2058;s:11:\"source_type\";s:13:\"media-library\";}s:109:\"\/\/fi-cdn-live.s3.eu-west-1.amazonaws.com\/wp-content\/uploads\/2024\/05\/30100253\/never-give-fire-a-chance-1_1.png\";a:2:{s:2:\"id\";i:2058;s:11:\"source_type\";s:13:\"media-library\";}s:89:\"\/\/cdn.fireireland.ie\/wp-content\/uploads\/2024\/05\/30100253\/never-give-fire-a-chance-1_1.png\";a:2:{s:2:\"id\";i:2058;s:11:\"source_type\";s:13:\"media-library\";}}"],"_wpml_word_count":["{\"total\":20,\"to_translate\":{\"en\":20}}"],"_yoast_wpseo_primary_category":[""],"_uagb_previous_block_counts":["a:90:{s:21:\"uagb\/advanced-heading\";i:0;s:15:\"uagb\/blockquote\";i:0;s:12:\"uagb\/buttons\";i:0;s:18:\"uagb\/buttons-child\";i:0;s:19:\"uagb\/call-to-action\";i:0;s:15:\"uagb\/cf7-styler\";i:0;s:11:\"uagb\/column\";i:0;s:12:\"uagb\/columns\";i:0;s:14:\"uagb\/container\";i:0;s:21:\"uagb\/content-timeline\";i:0;s:27:\"uagb\/content-timeline-child\";i:0;s:14:\"uagb\/countdown\";i:0;s:12:\"uagb\/counter\";i:0;s:8:\"uagb\/faq\";i:0;s:14:\"uagb\/faq-child\";i:0;s:10:\"uagb\/forms\";i:0;s:17:\"uagb\/forms-accept\";i:0;s:19:\"uagb\/forms-checkbox\";i:0;s:15:\"uagb\/forms-date\";i:0;s:16:\"uagb\/forms-email\";i:0;s:17:\"uagb\/forms-hidden\";i:0;s:15:\"uagb\/forms-name\";i:0;s:16:\"uagb\/forms-phone\";i:0;s:16:\"uagb\/forms-radio\";i:0;s:17:\"uagb\/forms-select\";i:0;s:19:\"uagb\/forms-textarea\";i:0;s:17:\"uagb\/forms-toggle\";i:0;s:14:\"uagb\/forms-url\";i:0;s:14:\"uagb\/gf-styler\";i:0;s:15:\"uagb\/google-map\";i:0;s:11:\"uagb\/how-to\";i:0;s:16:\"uagb\/how-to-step\";i:0;s:9:\"uagb\/icon\";i:0;s:14:\"uagb\/icon-list\";i:0;s:20:\"uagb\/icon-list-child\";i:0;s:10:\"uagb\/image\";i:0;s:18:\"uagb\/image-gallery\";i:0;s:13:\"uagb\/info-box\";i:0;s:18:\"uagb\/inline-notice\";i:0;s:11:\"uagb\/lottie\";i:0;s:21:\"uagb\/marketing-button\";i:0;s:10:\"uagb\/modal\";i:0;s:18:\"uagb\/popup-builder\";i:0;s:16:\"uagb\/post-button\";i:0;s:18:\"uagb\/post-carousel\";i:0;s:17:\"uagb\/post-excerpt\";i:0;s:14:\"uagb\/post-grid\";i:0;s:15:\"uagb\/post-image\";i:0;s:17:\"uagb\/post-masonry\";i:0;s:14:\"uagb\/post-meta\";i:0;s:18:\"uagb\/post-taxonomy\";i:0;s:18:\"uagb\/post-timeline\";i:0;s:15:\"uagb\/post-title\";i:0;s:20:\"uagb\/restaurant-menu\";i:0;s:26:\"uagb\/restaurant-menu-child\";i:0;s:11:\"uagb\/review\";i:0;s:12:\"uagb\/section\";i:0;s:14:\"uagb\/separator\";i:0;s:11:\"uagb\/slider\";i:0;s:17:\"uagb\/slider-child\";i:0;s:17:\"uagb\/social-share\";i:0;s:23:\"uagb\/social-share-child\";i:0;s:16:\"uagb\/star-rating\";i:0;s:23:\"uagb\/sure-cart-checkout\";i:0;s:22:\"uagb\/sure-cart-product\";i:0;s:15:\"uagb\/sure-forms\";i:0;s:22:\"uagb\/table-of-contents\";i:0;s:9:\"uagb\/tabs\";i:0;s:15:\"uagb\/tabs-child\";i:0;s:18:\"uagb\/taxonomy-list\";i:0;s:9:\"uagb\/team\";i:0;s:16:\"uagb\/testimonial\";i:0;s:14:\"uagb\/wp-search\";i:0;s:19:\"uagb\/instagram-feed\";i:0;s:10:\"uagb\/login\";i:0;s:17:\"uagb\/loop-builder\";i:0;s:18:\"uagb\/loop-category\";i:0;s:20:\"uagb\/loop-pagination\";i:0;s:15:\"uagb\/loop-reset\";i:0;s:16:\"uagb\/loop-search\";i:0;s:14:\"uagb\/loop-sort\";i:0;s:17:\"uagb\/loop-wrapper\";i:0;s:13:\"uagb\/register\";i:0;s:19:\"uagb\/register-email\";i:0;s:24:\"uagb\/register-first-name\";i:0;s:23:\"uagb\/register-last-name\";i:0;s:22:\"uagb\/register-password\";i:0;s:30:\"uagb\/register-reenter-password\";i:0;s:19:\"uagb\/register-terms\";i:0;s:22:\"uagb\/register-username\";i:0;}"],"_uag_page_assets":["a:9:{s:3:\"css\";s:0:\"\";s:2:\"js\";s:0:\"\";s:18:\"current_block_list\";a:18:{i:0;s:10:\"core\/cover\";i:1;s:10:\"core\/group\";i:2;s:12:\"core\/heading\";i:3;s:11:\"core\/spacer\";i:4;s:14:\"core\/shortcode\";i:5;s:9:\"core\/list\";i:6;s:14:\"core\/list-item\";i:7;s:10:\"core\/image\";i:8;s:11:\"core\/search\";i:9;s:17:\"core\/latest-posts\";i:10;s:20:\"core\/latest-comments\";i:11;s:13:\"core\/archives\";i:12;s:15:\"core\/categories\";i:13;s:14:\"core\/paragraph\";i:14;s:17:\"core\/social-links\";i:15;s:16:\"core\/social-link\";i:16;s:12:\"core\/columns\";i:17;s:11:\"core\/column\";}s:8:\"uag_flag\";b:0;s:11:\"uag_version\";s:10:\"1777285766\";s:6:\"gfonts\";a:0:{}s:10:\"gfonts_url\";s:0:\"\";s:12:\"gfonts_files\";a:0:{}s:14:\"uag_faq_layout\";b:0;}"]},"uagb_featured_image_src":{"full":["https:\/\/cdn.fireireland.ie\/wp-content\/uploads\/2024\/04\/02094855\/fire-station.png",1259,486,false],"thumbnail":["https:\/\/cdn.fireireland.ie\/wp-content\/uploads\/2024\/04\/02094855\/fire-station-150x150.png",150,150,true],"medium":["https:\/\/cdn.fireireland.ie\/wp-content\/uploads\/2024\/04\/02094855\/fire-station-300x116.png",300,116,true],"medium_large":["https:\/\/cdn.fireireland.ie\/wp-content\/uploads\/2024\/04\/02094855\/fire-station-768x296.png",768,296,true],"large":["https:\/\/cdn.fireireland.ie\/wp-content\/uploads\/2024\/04\/02094855\/fire-station-1024x395.png",1024,395,true],"1536x1536":["https:\/\/cdn.fireireland.ie\/wp-content\/uploads\/2024\/04\/02094855\/fire-station.png",1259,486,false],"2048x2048":["https:\/\/cdn.fireireland.ie\/wp-content\/uploads\/2024\/04\/02094855\/fire-station.png",1259,486,false],"gform-image-choice-sm":["https:\/\/cdn.fireireland.ie\/wp-content\/uploads\/2024\/04\/02094855\/fire-station.png",300,116,false],"gform-image-choice-md":["https:\/\/cdn.fireireland.ie\/wp-content\/uploads\/2024\/04\/02094855\/fire-station.png",400,154,false],"gform-image-choice-lg":["https:\/\/cdn.fireireland.ie\/wp-content\/uploads\/2024\/04\/02094855\/fire-station.png",600,232,false]},"uagb_author_info":{"display_name":"Robert.Lockwood","author_link":"https:\/\/www.fireireland.ie\/ga\/author\/robert-lockwood\/"},"uagb_comment_info":0,"uagb_excerpt":null,"_links":{"self":[{"href":"https:\/\/www.fireireland.ie\/ga\/wp-json\/wp\/v2\/pages\/1904","targetHints":{"allow":["GET"]}}],"collection":[{"href":"https:\/\/www.fireireland.ie\/ga\/wp-json\/wp\/v2\/pages"}],"about":[{"href":"https:\/\/www.fireireland.ie\/ga\/wp-json\/wp\/v2\/types\/page"}],"author":[{"embeddable":true,"href":"https:\/\/www.fireireland.ie\/ga\/wp-json\/wp\/v2\/users\/1"}],"replies":[{"embeddable":true,"href":"https:\/\/www.fireireland.ie\/ga\/wp-json\/wp\/v2\/comments?post=1904"}],"version-history":[{"count":12,"href":"https:\/\/www.fireireland.ie\/ga\/wp-json\/wp\/v2\/pages\/1904\/revisions"}],"predecessor-version":[{"id":2657,"href":"https:\/\/www.fireireland.ie\/ga\/wp-json\/wp\/v2\/pages\/1904\/revisions\/2657"}],"up":[{"embeddable":true,"href":"https:\/\/www.fireireland.ie\/ga\/wp-json\/wp\/v2\/pages\/585"}],"wp:featuredmedia":[{"embeddable":true,"href":"https:\/\/www.fireireland.ie\/ga\/wp-json\/wp\/v2\/media\/1694"}],"wp:attachment":[{"href":"https:\/\/www.fireireland.ie\/ga\/wp-json\/wp\/v2\/media?parent=1904"}],"wp:term":[{"taxonomy":"category","embeddable":true,"href":"https:\/\/www.fireireland.ie\/ga\/wp-json\/wp\/v2\/categories?post=1904"},{"taxonomy":"post_tag","embeddable":true,"href":"https:\/\/www.fireireland.ie\/ga\/wp-json\/wp\/v2\/tags?post=1904"}],"curies":[{"name":"wp","href":"https:\/\/api.w.org\/{rel}","templated":true}]}}