
{"id":1972,"date":"2024-04-05T13:43:39","date_gmt":"2024-04-05T12:43:39","guid":{"rendered":"https:\/\/www.fireireland.ie\/cuinne-na-leanai\/ma-theann-deadai-tri-thine\/"},"modified":"2024-07-19T10:23:21","modified_gmt":"2024-07-19T09:23:21","slug":"ma-theann-deadai-tri-thine","status":"publish","type":"page","link":"https:\/\/www.fireireland.ie\/ga\/cuinne-na-leanai\/ma-theann-deadai-tri-thine\/","title":{"rendered":"M\u00e1 Th\u00e9ann d\u2019\u00c9ada\u00ed Tr\u00ed Thine"},"content":{"rendered":"\n<div class=\"wp-block-cover alignfull is-light has-custom-content-position is-position-bottom-left\"><span aria-hidden=\"true\" class=\"wp-block-cover__background has-background-dim-0 has-background-dim\"><\/span><img loading=\"lazy\" decoding=\"async\" width=\"1259\" height=\"485\" src=\"https:\/\/cdn.fireireland.ie\/wp-content\/uploads\/2024\/04\/02094854\/clothes-fire.png\" class=\"wp-block-cover__image-background wp-post-image\" alt=\"\" data-object-fit=\"cover\" data-object-position=\"93% 46%\" style=\"object-position:93% 46%;\" srcset=\"https:\/\/cdn.fireireland.ie\/wp-content\/uploads\/2024\/04\/02094854\/clothes-fire.png 1259w, https:\/\/cdn.fireireland.ie\/wp-content\/uploads\/2024\/04\/02094854\/clothes-fire-300x116.png 300w, https:\/\/cdn.fireireland.ie\/wp-content\/uploads\/2024\/04\/02094854\/clothes-fire-1024x394.png 1024w, https:\/\/cdn.fireireland.ie\/wp-content\/uploads\/2024\/04\/02094854\/clothes-fire-768x296.png 768w\" sizes=\"auto, (max-width: 1259px) 100vw, 1259px\" \/><div class=\"wp-block-cover__inner-container is-layout-constrained wp-block-cover-is-layout-constrained\">\n<div class=\"wp-block-group is-layout-constrained wp-block-group-is-layout-constrained\">\n<h1 class=\"wp-block-heading has-text-align-right has-large-font-size\"><mark style=\"background-color:rgba(0, 0, 0, 0)\" class=\"has-inline-color has-ast-global-color-0-color\">M\u00e1 Th\u00e9ann d\u2019\u00c9ada\u00ed<\/mark> Tr\u00ed Thine<\/h1>\n<\/div>\n<\/div><\/div>\n\n<div style=\"height:25px\" aria-hidden=\"true\" class=\"wp-block-spacer\"><\/div>\n\n\t\t\t<!-- Flexy Breadcrumb -->\r\n\t\t\t<div class=\"fbc fbc-page\">\r\n\r\n\t\t\t\t<!-- Breadcrumb wrapper -->\r\n\t\t\t\t<div class=\"fbc-wrap\">\r\n\r\n\t\t\t\t\t<!-- Ordered list-->\r\n\t\t\t\t\t<ol class=\"fbc-items\" itemscope itemtype=\"https:\/\/schema.org\/BreadcrumbList\">\r\n\t\t\t\t\t\t            <li itemprop=\"itemListElement\" itemscope itemtype=\"https:\/\/schema.org\/ListItem\">\r\n                <span itemprop=\"name\">\r\n                    <!-- Home Link -->\r\n                    <a itemprop=\"item\" href=\"https:\/\/www.fireireland.ie\">\r\n                    \r\n                                                    <i class=\"fa fa-home\" aria-hidden=\"true\"><\/i>Home                    <\/a>\r\n                <\/span>\r\n                <meta itemprop=\"position\" content=\"1\" \/><!-- Meta Position-->\r\n             <\/li><li><span class=\"fbc-separator\">\/<\/span><\/li><li class=\"active\" itemprop=\"itemListElement\" itemscope itemtype=\"https:\/\/schema.org\/ListItem\"><span itemprop=\"name\" title=\"M\u00e1 Th\u00e9ann d\u2019\u00c9ada\u00ed Tr\u00ed Thine\">M\u00e1 Th\u00e9ann d\u2019\u00c9ada\u00ed Tr\u00ed Thine<\/span><meta itemprop=\"position\" content=\"2\" \/><\/li>\t\t\t\t\t<\/ol>\r\n\t\t\t\t\t<div class=\"clearfix\"><\/div>\r\n\t\t\t\t<\/div>\r\n\t\t\t<\/div>\r\n\t\t\t\n\n<div style=\"height:50px\" aria-hidden=\"true\" class=\"wp-block-spacer\"><\/div>\n\n<div class=\"wp-block-columns is-layout-flex wp-container-core-columns-is-layout-e0e4babd wp-block-columns-is-layout-flex\" style=\"padding-right:0;padding-left:0\">\n<div class=\"wp-block-column is-vertically-aligned-bottom is-layout-flow wp-block-column-is-layout-flow\" style=\"flex-basis:24%\">\n<h2 class=\"wp-block-heading has-text-align-center\">Stop&#8230;<\/h2>\n\n\n\n<figure class=\"wp-block-image aligncenter size-full\"><img loading=\"lazy\" decoding=\"async\" width=\"195\" height=\"379\" src=\"https:\/\/cdn.fireireland.ie\/wp-content\/uploads\/2024\/04\/02094857\/Stop.png\" alt=\"\" class=\"wp-image-1630\" srcset=\"https:\/\/cdn.fireireland.ie\/wp-content\/uploads\/2024\/04\/02094857\/Stop.png 195w, https:\/\/cdn.fireireland.ie\/wp-content\/uploads\/2024\/04\/02094857\/Stop-154x300.png 154w\" sizes=\"auto, (max-width: 195px) 100vw, 195px\" \/><\/figure>\n<\/div>\n\n\n\n<div class=\"wp-block-column is-vertically-aligned-bottom is-layout-flow wp-block-column-is-layout-flow\" style=\"flex-basis:36%\">\n<h2 class=\"wp-block-heading has-text-align-center\">Tit&#8230;<\/h2>\n\n\n\n<figure class=\"wp-block-image aligncenter size-full\"><img loading=\"lazy\" decoding=\"async\" width=\"233\" height=\"276\" src=\"https:\/\/cdn.fireireland.ie\/wp-content\/uploads\/2024\/04\/02094857\/Drop.png\" alt=\"\" class=\"wp-image-1632\"\/><\/figure>\n<\/div>\n\n\n\n<div class=\"wp-block-column is-vertically-aligned-bottom is-layout-flow wp-block-column-is-layout-flow\" style=\"flex-basis:40%\">\n<h2 class=\"wp-block-heading has-text-align-center\">Agus Cas&#8230;<\/h2>\n\n\n\n<figure class=\"wp-block-image aligncenter size-full\"><img loading=\"lazy\" decoding=\"async\" width=\"272\" height=\"194\" src=\"https:\/\/cdn.fireireland.ie\/wp-content\/uploads\/2024\/04\/02094856\/Roll.png\" alt=\"\" class=\"wp-image-1634\"\/><\/figure>\n<\/div>\n<\/div>\n\n<div style=\"height:50px\" aria-hidden=\"true\" class=\"wp-block-spacer\"><\/div>\n","protected":false},"excerpt":{"rendered":"<p>Stop&#8230; Tit&#8230; Agus Cas&#8230;<\/p>\n","protected":false},"author":1,"featured_media":1698,"parent":585,"menu_order":4,"comment_status":"closed","ping_status":"closed","template":"","meta":{"_acf_changed":false,"_uag_custom_page_level_css":"","site-sidebar-layout":"default","site-content-layout":"","ast-site-content-layout":"default","site-content-style":"boxed","site-sidebar-style":"default","ast-global-header-display":"","ast-banner-title-visibility":"","ast-main-header-display":"","ast-hfb-above-header-display":"","ast-hfb-below-header-display":"","ast-hfb-mobile-header-display":"","site-post-title":"disabled","ast-breadcrumbs-content":"","ast-featured-img":"","footer-sml-layout":"","ast-disable-related-posts":"","theme-transparent-header-meta":"","adv-header-id-meta":"","stick-header-meta":"","header-above-stick-meta":"","header-main-stick-meta":"","header-below-stick-meta":"","astra-migrate-meta-layouts":"default","ast-page-background-enabled":"default","ast-page-background-meta":{"desktop":{"background-color":"var(--ast-global-color-4)","background-image":"","background-repeat":"repeat","background-position":"center center","background-size":"auto","background-attachment":"scroll","background-type":"","background-media":"","overlay-type":"","overlay-color":"","overlay-opacity":"","overlay-gradient":""},"tablet":{"background-color":"","background-image":"","background-repeat":"repeat","background-position":"center center","background-size":"auto","background-attachment":"scroll","background-type":"","background-media":"","overlay-type":"","overlay-color":"","overlay-opacity":"","overlay-gradient":""},"mobile":{"background-color":"","background-image":"","background-repeat":"repeat","background-position":"center center","background-size":"auto","background-attachment":"scroll","background-type":"","background-media":"","overlay-type":"","overlay-color":"","overlay-opacity":"","overlay-gradient":""}},"ast-content-background-meta":{"desktop":{"background-color":"var(--ast-global-color-5)","background-image":"","background-repeat":"repeat","background-position":"center center","background-size":"auto","background-attachment":"scroll","background-type":"","background-media":"","overlay-type":"","overlay-color":"","overlay-opacity":"","overlay-gradient":""},"tablet":{"background-color":"var(--ast-global-color-5)","background-image":"","background-repeat":"repeat","background-position":"center center","background-size":"auto","background-attachment":"scroll","background-type":"","background-media":"","overlay-type":"","overlay-color":"","overlay-opacity":"","overlay-gradient":""},"mobile":{"background-color":"var(--ast-global-color-5)","background-image":"","background-repeat":"repeat","background-position":"center center","background-size":"auto","background-attachment":"scroll","background-type":"","background-media":"","overlay-type":"","overlay-color":"","overlay-opacity":"","overlay-gradient":""}},"pgc_sgb_lightbox_settings":"","footnotes":""},"categories":[],"tags":[],"class_list":["post-1972","page","type-page","status-publish","has-post-thumbnail","hentry"],"acf":[],"yoast_head":"<!-- This site is optimized with the Yoast SEO plugin v27.3 - https:\/\/yoast.com\/product\/yoast-seo-wordpress\/ -->\n<title>M\u00e1 Th\u00e9ann d\u2019\u00c9ada\u00ed Tr\u00ed Thine - Fire Ireland<\/title>\n<meta name=\"robots\" content=\"index, follow, max-snippet:-1, max-image-preview:large, max-video-preview:-1\" \/>\n<link rel=\"canonical\" href=\"https:\/\/www.fireireland.ie\/ga\/cuinne-na-leanai\/ma-theann-deadai-tri-thine\/\" \/>\n<meta property=\"og:locale\" content=\"ga_IE\" \/>\n<meta property=\"og:type\" content=\"article\" \/>\n<meta property=\"og:title\" content=\"M\u00e1 Th\u00e9ann d\u2019\u00c9ada\u00ed Tr\u00ed Thine - Fire Ireland\" \/>\n<meta property=\"og:description\" content=\"Stop&#8230; Tit&#8230; Agus Cas&#8230;\" \/>\n<meta property=\"og:url\" content=\"https:\/\/www.fireireland.ie\/ga\/cuinne-na-leanai\/ma-theann-deadai-tri-thine\/\" \/>\n<meta property=\"og:site_name\" content=\"Fire Ireland\" \/>\n<meta property=\"article:publisher\" content=\"http:\/\/www.facebook.com\/IrishFireSafety\" \/>\n<meta property=\"article:modified_time\" content=\"2024-07-19T09:23:21+00:00\" \/>\n<meta property=\"og:image\" content=\"https:\/\/cdn.fireireland.ie\/wp-content\/uploads\/2024\/04\/02094854\/clothes-fire.png\" \/>\n\t<meta property=\"og:image:width\" content=\"1259\" \/>\n\t<meta property=\"og:image:height\" content=\"485\" \/>\n\t<meta property=\"og:image:type\" content=\"image\/png\" \/>\n<meta name=\"twitter:card\" content=\"summary_large_image\" \/>\n<meta name=\"twitter:site\" content=\"@FireSafetyIre\" \/>\n<script type=\"application\/ld+json\" class=\"yoast-schema-graph\">{\"@context\":\"https:\\\/\\\/schema.org\",\"@graph\":[{\"@type\":\"WebPage\",\"@id\":\"https:\\\/\\\/www.fireireland.ie\\\/ga\\\/cuinne-na-leanai\\\/ma-theann-deadai-tri-thine\\\/\",\"url\":\"https:\\\/\\\/www.fireireland.ie\\\/ga\\\/cuinne-na-leanai\\\/ma-theann-deadai-tri-thine\\\/\",\"name\":\"M\u00e1 Th\u00e9ann d\u2019\u00c9ada\u00ed Tr\u00ed Thine - Fire Ireland\",\"isPartOf\":{\"@id\":\"https:\\\/\\\/www.fireireland.ie\\\/ga\\\/#website\"},\"primaryImageOfPage\":{\"@id\":\"https:\\\/\\\/www.fireireland.ie\\\/ga\\\/cuinne-na-leanai\\\/ma-theann-deadai-tri-thine\\\/#primaryimage\"},\"image\":{\"@id\":\"https:\\\/\\\/www.fireireland.ie\\\/ga\\\/cuinne-na-leanai\\\/ma-theann-deadai-tri-thine\\\/#primaryimage\"},\"thumbnailUrl\":\"https:\\\/\\\/cdn.fireireland.ie\\\/wp-content\\\/uploads\\\/2024\\\/04\\\/02094854\\\/clothes-fire.png\",\"datePublished\":\"2024-04-05T12:43:39+00:00\",\"dateModified\":\"2024-07-19T09:23:21+00:00\",\"breadcrumb\":{\"@id\":\"https:\\\/\\\/www.fireireland.ie\\\/ga\\\/cuinne-na-leanai\\\/ma-theann-deadai-tri-thine\\\/#breadcrumb\"},\"inLanguage\":\"ga-IE\",\"potentialAction\":[{\"@type\":\"ReadAction\",\"target\":[\"https:\\\/\\\/www.fireireland.ie\\\/ga\\\/cuinne-na-leanai\\\/ma-theann-deadai-tri-thine\\\/\"]}]},{\"@type\":\"ImageObject\",\"inLanguage\":\"ga-IE\",\"@id\":\"https:\\\/\\\/www.fireireland.ie\\\/ga\\\/cuinne-na-leanai\\\/ma-theann-deadai-tri-thine\\\/#primaryimage\",\"url\":\"https:\\\/\\\/cdn.fireireland.ie\\\/wp-content\\\/uploads\\\/2024\\\/04\\\/02094854\\\/clothes-fire.png\",\"contentUrl\":\"https:\\\/\\\/cdn.fireireland.ie\\\/wp-content\\\/uploads\\\/2024\\\/04\\\/02094854\\\/clothes-fire.png\",\"width\":1259,\"height\":485},{\"@type\":\"BreadcrumbList\",\"@id\":\"https:\\\/\\\/www.fireireland.ie\\\/ga\\\/cuinne-na-leanai\\\/ma-theann-deadai-tri-thine\\\/#breadcrumb\",\"itemListElement\":[{\"@type\":\"ListItem\",\"position\":1,\"name\":\"Home\",\"item\":\"https:\\\/\\\/www.fireireland.ie\\\/ga\\\/\"},{\"@type\":\"ListItem\",\"position\":2,\"name\":\"C\u00fainne na Leana\u00ed\",\"item\":\"https:\\\/\\\/www.fireireland.ie\\\/ga\\\/cuinne-na-leanai\\\/\"},{\"@type\":\"ListItem\",\"position\":3,\"name\":\"M\u00e1 Th\u00e9ann d\u2019\u00c9ada\u00ed Tr\u00ed Thine\"}]},{\"@type\":\"WebSite\",\"@id\":\"https:\\\/\\\/www.fireireland.ie\\\/ga\\\/#website\",\"url\":\"https:\\\/\\\/www.fireireland.ie\\\/ga\\\/\",\"name\":\"Fire Ireland\",\"description\":\"\",\"publisher\":{\"@id\":\"https:\\\/\\\/www.fireireland.ie\\\/ga\\\/#organization\"},\"potentialAction\":[{\"@type\":\"SearchAction\",\"target\":{\"@type\":\"EntryPoint\",\"urlTemplate\":\"https:\\\/\\\/www.fireireland.ie\\\/ga\\\/?s={search_term_string}\"},\"query-input\":{\"@type\":\"PropertyValueSpecification\",\"valueRequired\":true,\"valueName\":\"search_term_string\"}}],\"inLanguage\":\"ga-IE\"},{\"@type\":\"Organization\",\"@id\":\"https:\\\/\\\/www.fireireland.ie\\\/ga\\\/#organization\",\"name\":\"Department of Housing, Local Government and Heritage\",\"url\":\"https:\\\/\\\/www.fireireland.ie\\\/ga\\\/\",\"logo\":{\"@type\":\"ImageObject\",\"inLanguage\":\"ga-IE\",\"@id\":\"https:\\\/\\\/www.fireireland.ie\\\/ga\\\/#\\\/schema\\\/logo\\\/image\\\/\",\"url\":\"https:\\\/\\\/cdn.fireireland.ie\\\/wp-content\\\/uploads\\\/2024\\\/02\\\/02094911\\\/fireireland-1.png\",\"contentUrl\":\"https:\\\/\\\/cdn.fireireland.ie\\\/wp-content\\\/uploads\\\/2024\\\/02\\\/02094911\\\/fireireland-1.png\",\"width\":261,\"height\":72,\"caption\":\"Department of Housing, Local Government and Heritage\"},\"image\":{\"@id\":\"https:\\\/\\\/www.fireireland.ie\\\/ga\\\/#\\\/schema\\\/logo\\\/image\\\/\"},\"sameAs\":[\"http:\\\/\\\/www.facebook.com\\\/IrishFireSafety\",\"https:\\\/\\\/x.com\\\/FireSafetyIre\",\"http:\\\/\\\/www.youtube.com\\\/user\\\/NDFEM\"]}]}<\/script>\n<!-- \/ Yoast SEO plugin. -->","yoast_head_json":{"title":"M\u00e1 Th\u00e9ann d\u2019\u00c9ada\u00ed Tr\u00ed Thine - Fire Ireland","robots":{"index":"index","follow":"follow","max-snippet":"max-snippet:-1","max-image-preview":"max-image-preview:large","max-video-preview":"max-video-preview:-1"},"canonical":"https:\/\/www.fireireland.ie\/ga\/cuinne-na-leanai\/ma-theann-deadai-tri-thine\/","og_locale":"ga_IE","og_type":"article","og_title":"M\u00e1 Th\u00e9ann d\u2019\u00c9ada\u00ed Tr\u00ed Thine - Fire Ireland","og_description":"Stop&#8230; Tit&#8230; Agus Cas&#8230;","og_url":"https:\/\/www.fireireland.ie\/ga\/cuinne-na-leanai\/ma-theann-deadai-tri-thine\/","og_site_name":"Fire Ireland","article_publisher":"http:\/\/www.facebook.com\/IrishFireSafety","article_modified_time":"2024-07-19T09:23:21+00:00","og_image":[{"width":1259,"height":485,"url":"https:\/\/cdn.fireireland.ie\/wp-content\/uploads\/2024\/04\/02094854\/clothes-fire.png","type":"image\/png"}],"twitter_card":"summary_large_image","twitter_site":"@FireSafetyIre","schema":{"@context":"https:\/\/schema.org","@graph":[{"@type":"WebPage","@id":"https:\/\/www.fireireland.ie\/ga\/cuinne-na-leanai\/ma-theann-deadai-tri-thine\/","url":"https:\/\/www.fireireland.ie\/ga\/cuinne-na-leanai\/ma-theann-deadai-tri-thine\/","name":"M\u00e1 Th\u00e9ann d\u2019\u00c9ada\u00ed Tr\u00ed Thine - Fire Ireland","isPartOf":{"@id":"https:\/\/www.fireireland.ie\/ga\/#website"},"primaryImageOfPage":{"@id":"https:\/\/www.fireireland.ie\/ga\/cuinne-na-leanai\/ma-theann-deadai-tri-thine\/#primaryimage"},"image":{"@id":"https:\/\/www.fireireland.ie\/ga\/cuinne-na-leanai\/ma-theann-deadai-tri-thine\/#primaryimage"},"thumbnailUrl":"https:\/\/cdn.fireireland.ie\/wp-content\/uploads\/2024\/04\/02094854\/clothes-fire.png","datePublished":"2024-04-05T12:43:39+00:00","dateModified":"2024-07-19T09:23:21+00:00","breadcrumb":{"@id":"https:\/\/www.fireireland.ie\/ga\/cuinne-na-leanai\/ma-theann-deadai-tri-thine\/#breadcrumb"},"inLanguage":"ga-IE","potentialAction":[{"@type":"ReadAction","target":["https:\/\/www.fireireland.ie\/ga\/cuinne-na-leanai\/ma-theann-deadai-tri-thine\/"]}]},{"@type":"ImageObject","inLanguage":"ga-IE","@id":"https:\/\/www.fireireland.ie\/ga\/cuinne-na-leanai\/ma-theann-deadai-tri-thine\/#primaryimage","url":"https:\/\/cdn.fireireland.ie\/wp-content\/uploads\/2024\/04\/02094854\/clothes-fire.png","contentUrl":"https:\/\/cdn.fireireland.ie\/wp-content\/uploads\/2024\/04\/02094854\/clothes-fire.png","width":1259,"height":485},{"@type":"BreadcrumbList","@id":"https:\/\/www.fireireland.ie\/ga\/cuinne-na-leanai\/ma-theann-deadai-tri-thine\/#breadcrumb","itemListElement":[{"@type":"ListItem","position":1,"name":"Home","item":"https:\/\/www.fireireland.ie\/ga\/"},{"@type":"ListItem","position":2,"name":"C\u00fainne na Leana\u00ed","item":"https:\/\/www.fireireland.ie\/ga\/cuinne-na-leanai\/"},{"@type":"ListItem","position":3,"name":"M\u00e1 Th\u00e9ann d\u2019\u00c9ada\u00ed Tr\u00ed Thine"}]},{"@type":"WebSite","@id":"https:\/\/www.fireireland.ie\/ga\/#website","url":"https:\/\/www.fireireland.ie\/ga\/","name":"Fire Ireland","description":"","publisher":{"@id":"https:\/\/www.fireireland.ie\/ga\/#organization"},"potentialAction":[{"@type":"SearchAction","target":{"@type":"EntryPoint","urlTemplate":"https:\/\/www.fireireland.ie\/ga\/?s={search_term_string}"},"query-input":{"@type":"PropertyValueSpecification","valueRequired":true,"valueName":"search_term_string"}}],"inLanguage":"ga-IE"},{"@type":"Organization","@id":"https:\/\/www.fireireland.ie\/ga\/#organization","name":"Department of Housing, Local Government and Heritage","url":"https:\/\/www.fireireland.ie\/ga\/","logo":{"@type":"ImageObject","inLanguage":"ga-IE","@id":"https:\/\/www.fireireland.ie\/ga\/#\/schema\/logo\/image\/","url":"https:\/\/cdn.fireireland.ie\/wp-content\/uploads\/2024\/02\/02094911\/fireireland-1.png","contentUrl":"https:\/\/cdn.fireireland.ie\/wp-content\/uploads\/2024\/02\/02094911\/fireireland-1.png","width":261,"height":72,"caption":"Department of Housing, Local Government and Heritage"},"image":{"@id":"https:\/\/www.fireireland.ie\/ga\/#\/schema\/logo\/image\/"},"sameAs":["http:\/\/www.facebook.com\/IrishFireSafety","https:\/\/x.com\/FireSafetyIre","http:\/\/www.youtube.com\/user\/NDFEM"]}]}},"spectra_custom_meta":{"adv-header-id-meta":[""],"stick-header-meta":[""],"site-post-title":["disabled"],"theme-transparent-header-meta":[""],"site-content-style":["boxed"],"_wpml_media_duplicate":["1"],"_wpml_media_featured":["1"],"_top_nav_excluded":[""],"_cms_nav_minihome":[""],"_thumbnail_id":["1698"],"_last_translation_edit_mode":["translation-editor"],"amazonS3_cache":["a:9:{s:56:\"\/\/www.fireireland.ie\/wp-content\/uploads\/2024\/04\/Stop.png\";a:2:{s:2:\"id\";i:1630;s:11:\"source_type\";s:13:\"media-library\";}s:85:\"\/\/fi-cdn-live.s3.eu-west-1.amazonaws.com\/wp-content\/uploads\/2024\/04\/02094857\/Stop.png\";a:2:{s:2:\"id\";i:1630;s:11:\"source_type\";s:13:\"media-library\";}s:56:\"\/\/www.fireireland.ie\/wp-content\/uploads\/2024\/04\/Drop.png\";a:2:{s:2:\"id\";i:1632;s:11:\"source_type\";s:13:\"media-library\";}s:85:\"\/\/fi-cdn-live.s3.eu-west-1.amazonaws.com\/wp-content\/uploads\/2024\/04\/02094857\/Drop.png\";a:2:{s:2:\"id\";i:1632;s:11:\"source_type\";s:13:\"media-library\";}s:56:\"\/\/www.fireireland.ie\/wp-content\/uploads\/2024\/04\/Roll.png\";a:2:{s:2:\"id\";i:1634;s:11:\"source_type\";s:13:\"media-library\";}s:85:\"\/\/fi-cdn-live.s3.eu-west-1.amazonaws.com\/wp-content\/uploads\/2024\/04\/02094856\/Roll.png\";a:2:{s:2:\"id\";i:1634;s:11:\"source_type\";s:13:\"media-library\";}s:65:\"\/\/cdn.fireireland.ie\/wp-content\/uploads\/2024\/04\/02094857\/Stop.png\";a:2:{s:2:\"id\";i:1630;s:11:\"source_type\";s:13:\"media-library\";}s:65:\"\/\/cdn.fireireland.ie\/wp-content\/uploads\/2024\/04\/02094857\/Drop.png\";a:2:{s:2:\"id\";i:1632;s:11:\"source_type\";s:13:\"media-library\";}s:65:\"\/\/cdn.fireireland.ie\/wp-content\/uploads\/2024\/04\/02094856\/Roll.png\";a:2:{s:2:\"id\";i:1634;s:11:\"source_type\";s:13:\"media-library\";}}"],"_wpml_word_count":["{\"total\":19,\"to_translate\":{\"en\":19}}"],"_uagb_previous_block_counts":["a:90:{s:21:\"uagb\/advanced-heading\";i:0;s:15:\"uagb\/blockquote\";i:0;s:12:\"uagb\/buttons\";i:0;s:18:\"uagb\/buttons-child\";i:0;s:19:\"uagb\/call-to-action\";i:0;s:15:\"uagb\/cf7-styler\";i:0;s:11:\"uagb\/column\";i:0;s:12:\"uagb\/columns\";i:0;s:14:\"uagb\/container\";i:0;s:21:\"uagb\/content-timeline\";i:0;s:27:\"uagb\/content-timeline-child\";i:0;s:14:\"uagb\/countdown\";i:0;s:12:\"uagb\/counter\";i:0;s:8:\"uagb\/faq\";i:0;s:14:\"uagb\/faq-child\";i:0;s:10:\"uagb\/forms\";i:0;s:17:\"uagb\/forms-accept\";i:0;s:19:\"uagb\/forms-checkbox\";i:0;s:15:\"uagb\/forms-date\";i:0;s:16:\"uagb\/forms-email\";i:0;s:17:\"uagb\/forms-hidden\";i:0;s:15:\"uagb\/forms-name\";i:0;s:16:\"uagb\/forms-phone\";i:0;s:16:\"uagb\/forms-radio\";i:0;s:17:\"uagb\/forms-select\";i:0;s:19:\"uagb\/forms-textarea\";i:0;s:17:\"uagb\/forms-toggle\";i:0;s:14:\"uagb\/forms-url\";i:0;s:14:\"uagb\/gf-styler\";i:0;s:15:\"uagb\/google-map\";i:0;s:11:\"uagb\/how-to\";i:0;s:16:\"uagb\/how-to-step\";i:0;s:9:\"uagb\/icon\";i:0;s:14:\"uagb\/icon-list\";i:0;s:20:\"uagb\/icon-list-child\";i:0;s:10:\"uagb\/image\";i:0;s:18:\"uagb\/image-gallery\";i:0;s:13:\"uagb\/info-box\";i:0;s:18:\"uagb\/inline-notice\";i:0;s:11:\"uagb\/lottie\";i:0;s:21:\"uagb\/marketing-button\";i:0;s:10:\"uagb\/modal\";i:0;s:18:\"uagb\/popup-builder\";i:0;s:16:\"uagb\/post-button\";i:0;s:18:\"uagb\/post-carousel\";i:0;s:17:\"uagb\/post-excerpt\";i:0;s:14:\"uagb\/post-grid\";i:0;s:15:\"uagb\/post-image\";i:0;s:17:\"uagb\/post-masonry\";i:0;s:14:\"uagb\/post-meta\";i:0;s:18:\"uagb\/post-taxonomy\";i:0;s:18:\"uagb\/post-timeline\";i:0;s:15:\"uagb\/post-title\";i:0;s:20:\"uagb\/restaurant-menu\";i:0;s:26:\"uagb\/restaurant-menu-child\";i:0;s:11:\"uagb\/review\";i:0;s:12:\"uagb\/section\";i:0;s:14:\"uagb\/separator\";i:0;s:11:\"uagb\/slider\";i:0;s:17:\"uagb\/slider-child\";i:0;s:17:\"uagb\/social-share\";i:0;s:23:\"uagb\/social-share-child\";i:0;s:16:\"uagb\/star-rating\";i:0;s:23:\"uagb\/sure-cart-checkout\";i:0;s:22:\"uagb\/sure-cart-product\";i:0;s:15:\"uagb\/sure-forms\";i:0;s:22:\"uagb\/table-of-contents\";i:0;s:9:\"uagb\/tabs\";i:0;s:15:\"uagb\/tabs-child\";i:0;s:18:\"uagb\/taxonomy-list\";i:0;s:9:\"uagb\/team\";i:0;s:16:\"uagb\/testimonial\";i:0;s:14:\"uagb\/wp-search\";i:0;s:19:\"uagb\/instagram-feed\";i:0;s:10:\"uagb\/login\";i:0;s:17:\"uagb\/loop-builder\";i:0;s:18:\"uagb\/loop-category\";i:0;s:20:\"uagb\/loop-pagination\";i:0;s:15:\"uagb\/loop-reset\";i:0;s:16:\"uagb\/loop-search\";i:0;s:14:\"uagb\/loop-sort\";i:0;s:17:\"uagb\/loop-wrapper\";i:0;s:13:\"uagb\/register\";i:0;s:19:\"uagb\/register-email\";i:0;s:24:\"uagb\/register-first-name\";i:0;s:23:\"uagb\/register-last-name\";i:0;s:22:\"uagb\/register-password\";i:0;s:30:\"uagb\/register-reenter-password\";i:0;s:19:\"uagb\/register-terms\";i:0;s:22:\"uagb\/register-username\";i:0;}"],"_uag_page_assets":["a:9:{s:3:\"css\";s:0:\"\";s:2:\"js\";s:0:\"\";s:18:\"current_block_list\";a:16:{i:0;s:10:\"core\/cover\";i:1;s:10:\"core\/group\";i:2;s:12:\"core\/heading\";i:3;s:11:\"core\/spacer\";i:4;s:14:\"core\/shortcode\";i:5;s:12:\"core\/columns\";i:6;s:11:\"core\/column\";i:7;s:10:\"core\/image\";i:8;s:11:\"core\/search\";i:9;s:17:\"core\/latest-posts\";i:10;s:20:\"core\/latest-comments\";i:11;s:13:\"core\/archives\";i:12;s:15:\"core\/categories\";i:13;s:14:\"core\/paragraph\";i:14;s:17:\"core\/social-links\";i:15;s:16:\"core\/social-link\";}s:8:\"uag_flag\";b:0;s:11:\"uag_version\";s:10:\"1776160755\";s:6:\"gfonts\";a:0:{}s:10:\"gfonts_url\";s:0:\"\";s:12:\"gfonts_files\";a:0:{}s:14:\"uag_faq_layout\";b:0;}"]},"uagb_featured_image_src":{"full":["https:\/\/cdn.fireireland.ie\/wp-content\/uploads\/2024\/04\/02094854\/clothes-fire.png",1259,485,false],"thumbnail":["https:\/\/cdn.fireireland.ie\/wp-content\/uploads\/2024\/04\/02094854\/clothes-fire-150x150.png",150,150,true],"medium":["https:\/\/cdn.fireireland.ie\/wp-content\/uploads\/2024\/04\/02094854\/clothes-fire-300x116.png",300,116,true],"medium_large":["https:\/\/cdn.fireireland.ie\/wp-content\/uploads\/2024\/04\/02094854\/clothes-fire-768x296.png",768,296,true],"large":["https:\/\/cdn.fireireland.ie\/wp-content\/uploads\/2024\/04\/02094854\/clothes-fire-1024x394.png",1024,394,true],"1536x1536":["https:\/\/cdn.fireireland.ie\/wp-content\/uploads\/2024\/04\/02094854\/clothes-fire.png",1259,485,false],"2048x2048":["https:\/\/cdn.fireireland.ie\/wp-content\/uploads\/2024\/04\/02094854\/clothes-fire.png",1259,485,false],"gform-image-choice-sm":["https:\/\/cdn.fireireland.ie\/wp-content\/uploads\/2024\/04\/02094854\/clothes-fire.png",300,116,false],"gform-image-choice-md":["https:\/\/cdn.fireireland.ie\/wp-content\/uploads\/2024\/04\/02094854\/clothes-fire.png",400,154,false],"gform-image-choice-lg":["https:\/\/cdn.fireireland.ie\/wp-content\/uploads\/2024\/04\/02094854\/clothes-fire.png",600,231,false]},"uagb_author_info":{"display_name":"Robert.Lockwood","author_link":"https:\/\/www.fireireland.ie\/ga\/author\/robert-lockwood\/"},"uagb_comment_info":0,"uagb_excerpt":"Stop&#8230; Tit&#8230; Agus Cas&#8230;","_links":{"self":[{"href":"https:\/\/www.fireireland.ie\/ga\/wp-json\/wp\/v2\/pages\/1972","targetHints":{"allow":["GET"]}}],"collection":[{"href":"https:\/\/www.fireireland.ie\/ga\/wp-json\/wp\/v2\/pages"}],"about":[{"href":"https:\/\/www.fireireland.ie\/ga\/wp-json\/wp\/v2\/types\/page"}],"author":[{"embeddable":true,"href":"https:\/\/www.fireireland.ie\/ga\/wp-json\/wp\/v2\/users\/1"}],"replies":[{"embeddable":true,"href":"https:\/\/www.fireireland.ie\/ga\/wp-json\/wp\/v2\/comments?post=1972"}],"version-history":[{"count":1,"href":"https:\/\/www.fireireland.ie\/ga\/wp-json\/wp\/v2\/pages\/1972\/revisions"}],"predecessor-version":[{"id":1973,"href":"https:\/\/www.fireireland.ie\/ga\/wp-json\/wp\/v2\/pages\/1972\/revisions\/1973"}],"up":[{"embeddable":true,"href":"https:\/\/www.fireireland.ie\/ga\/wp-json\/wp\/v2\/pages\/585"}],"wp:featuredmedia":[{"embeddable":true,"href":"https:\/\/www.fireireland.ie\/ga\/wp-json\/wp\/v2\/media\/1698"}],"wp:attachment":[{"href":"https:\/\/www.fireireland.ie\/ga\/wp-json\/wp\/v2\/media?parent=1972"}],"wp:term":[{"taxonomy":"category","embeddable":true,"href":"https:\/\/www.fireireland.ie\/ga\/wp-json\/wp\/v2\/categories?post=1972"},{"taxonomy":"post_tag","embeddable":true,"href":"https:\/\/www.fireireland.ie\/ga\/wp-json\/wp\/v2\/tags?post=1972"}],"curies":[{"name":"wp","href":"https:\/\/api.w.org\/{rel}","templated":true}]}}