
{"id":3083,"date":"2025-11-07T11:50:24","date_gmt":"2025-11-07T11:50:24","guid":{"rendered":"https:\/\/www.fireireland.ie\/cuinne-na-leanai\/pacaisti-bunscoile\/"},"modified":"2025-11-13T12:11:47","modified_gmt":"2025-11-13T12:11:47","slug":"pacaisti-bunscoile","status":"publish","type":"page","link":"https:\/\/www.fireireland.ie\/ga\/cuinne-na-leanai\/pacaisti-bunscoile\/","title":{"rendered":"Pac\u00e1ist\u00ed Bunscoile"},"content":{"rendered":"\n<div class=\"wp-block-cover alignfull is-light has-custom-content-position is-position-bottom-left\"><img loading=\"lazy\" decoding=\"async\" width=\"2000\" height=\"879\" class=\"wp-block-cover__image-background wp-image-3071 size-full\" alt=\"\" src=\"https:\/\/cdn.fireireland.ie\/wp-content\/uploads\/2025\/11\/07155834\/Header_edited-2.jpg\" data-object-fit=\"cover\" srcset=\"https:\/\/cdn.fireireland.ie\/wp-content\/uploads\/2025\/11\/07155834\/Header_edited-2.jpg 2000w, https:\/\/cdn.fireireland.ie\/wp-content\/uploads\/2025\/11\/07155834\/Header_edited-2-300x132.jpg 300w, https:\/\/cdn.fireireland.ie\/wp-content\/uploads\/2025\/11\/07155834\/Header_edited-2-1024x450.jpg 1024w, https:\/\/cdn.fireireland.ie\/wp-content\/uploads\/2025\/11\/07155834\/Header_edited-2-768x338.jpg 768w, https:\/\/cdn.fireireland.ie\/wp-content\/uploads\/2025\/11\/07155834\/Header_edited-2-1536x675.jpg 1536w\" sizes=\"auto, (max-width: 2000px) 100vw, 2000px\" \/><span aria-hidden=\"true\" class=\"wp-block-cover__background has-background-dim-0 has-background-dim\" style=\"background-color:#9e8b8b\"><\/span><div class=\"wp-block-cover__inner-container is-layout-constrained wp-block-cover-is-layout-constrained\">\n<div class=\"wp-block-group is-layout-constrained wp-block-group-is-layout-constrained\">\n<h1 class=\"wp-block-heading has-text-align-left has-large-font-size\">Pac\u00e1ist\u00ed Bunscoile<\/h1>\n\n\n\n<p class=\"has-medium-font-size\">T\u00e1 acmhainn\u00ed is f\u00e9idir a \u00edosl\u00f3d\u00e1il do Bhunscoileanna th\u00edos<\/p>\n<\/div>\n<\/div><\/div>\n\n<div style=\"height:25px\" aria-hidden=\"true\" class=\"wp-block-spacer\"><\/div>\n\n\t\t\t<!-- Flexy Breadcrumb -->\r\n\t\t\t<div class=\"fbc fbc-page\">\r\n\r\n\t\t\t\t<!-- Breadcrumb wrapper -->\r\n\t\t\t\t<div class=\"fbc-wrap\">\r\n\r\n\t\t\t\t\t<!-- Ordered list-->\r\n\t\t\t\t\t<ol class=\"fbc-items\" itemscope itemtype=\"https:\/\/schema.org\/BreadcrumbList\">\r\n\t\t\t\t\t\t            <li itemprop=\"itemListElement\" itemscope itemtype=\"https:\/\/schema.org\/ListItem\">\r\n                <span itemprop=\"name\">\r\n                    <!-- Home Link -->\r\n                    <a itemprop=\"item\" href=\"https:\/\/www.fireireland.ie\">\r\n                    \r\n                                                    <i class=\"fa fa-home\" aria-hidden=\"true\"><\/i>Home                    <\/a>\r\n                <\/span>\r\n                <meta itemprop=\"position\" content=\"1\" \/><!-- Meta Position-->\r\n             <\/li><li><span class=\"fbc-separator\">\/<\/span><\/li><li class=\"active\" itemprop=\"itemListElement\" itemscope itemtype=\"https:\/\/schema.org\/ListItem\"><span itemprop=\"name\" title=\"Pac\u00e1ist\u00ed Bunscoile\">Pac\u00e1ist\u00ed Bunscoile<\/span><meta itemprop=\"position\" content=\"2\" \/><\/li>\t\t\t\t\t<\/ol>\r\n\t\t\t\t\t<div class=\"clearfix\"><\/div>\r\n\t\t\t\t<\/div>\r\n\t\t\t<\/div>\r\n\t\t\t\n\n<p class=\"has-text-align-center\"><strong>\u00cdosl\u00f3d\u00e1il Anois<\/strong><\/p>\n\n<acf-card-65804272b8524 class=\"acf-card acf-card--id--690ddc4a3ee5e\"><div class=\"acf-card__items\">    <div class=\"card-block wp-block-columns are-vertically-aligned-center is-layout-flex wp-container-core-columns-layout-1 wp-block-columns-is-layout-flex\">                                <div class=\"wp-block-column is-vertically-aligned-center is-layout-flow wp-block-column-is-layout-flow\"><div class=\"card-body align-items-center\" style=\"height: 550px\">    <img class=\"acf-view__featured-image\" src=\"https:\/\/cdn.fireireland.ie\/wp-content\/uploads\/2025\/11\/07115610\/Primary-Pack-English_001.jpg\" width=\"595\" height=\"842\" alt=\"Primary School Pack English\" decoding=\"async\" loading=\"lazy\" srcset=\"https:\/\/cdn.fireireland.ie\/wp-content\/uploads\/2025\/11\/07115610\/Primary-Pack-English_001.jpg 595w, https:\/\/cdn.fireireland.ie\/wp-content\/uploads\/2025\/11\/07115610\/Primary-Pack-English_001-212x300.jpg 212w\" sizes=\"auto, (max-width: 595px) 100vw, 595px\">                <div class=\"acf-view__title\">    <h5>Primary School Pack (English PDF)<\/h5>    <\/div><div class=\"wp-block-buttons is-content-justification-center is-layout-flex wp-container-core-buttons-is-layout-1 wp-block-buttons-is-layout-flex\">        <div class=\"wp-block-button\"><a class=\"acf-view__leaflet-file wp-block-button__link wp-element-button\" title=\"Primary School Pack (English PDF) - PDF\" target=\"_self\" href=\"https:\/\/cdn.fireireland.ie\/wp-content\/uploads\/2025\/11\/07115539\/Primary-Pack-English.pdf\">\u00cdosl\u00f3d\u00e1il<\/a><\/div>    <\/div><\/div><\/div>                        <div class=\"wp-block-column is-vertically-aligned-center is-layout-flow wp-block-column-is-layout-flow\"><div class=\"card-body align-items-center\" style=\"height: 550px\">    <img class=\"acf-view__featured-image\" src=\"https:\/\/cdn.fireireland.ie\/wp-content\/uploads\/2025\/11\/07115727\/Primary-Pack-Gaeilge_001.jpg\" width=\"595\" height=\"842\" alt=\"Primary School Pack Gaeilge\" decoding=\"async\" loading=\"lazy\" srcset=\"https:\/\/cdn.fireireland.ie\/wp-content\/uploads\/2025\/11\/07115727\/Primary-Pack-Gaeilge_001.jpg 595w, https:\/\/cdn.fireireland.ie\/wp-content\/uploads\/2025\/11\/07115727\/Primary-Pack-Gaeilge_001-212x300.jpg 212w\" sizes=\"auto, (max-width: 595px) 100vw, 595px\">                <div class=\"acf-view__title\">    <h5>Primary School Pack (Gaeilge PDF)<\/h5>    <\/div><div class=\"wp-block-buttons is-content-justification-center is-layout-flex wp-container-core-buttons-is-layout-1 wp-block-buttons-is-layout-flex\">        <div class=\"wp-block-button\"><a class=\"acf-view__leaflet-file wp-block-button__link wp-element-button\" title=\"Primary School Pack (Gaeilge PDF) - PDF\" target=\"_self\" href=\"https:\/\/cdn.fireireland.ie\/wp-content\/uploads\/2025\/11\/07115712\/Primary-Pack-Gaeilge.pdf\">\u00cdosl\u00f3d\u00e1il<\/a><\/div>    <\/div><\/div><\/div>                        <div class=\"wp-block-column is-vertically-aligned-center is-layout-flow wp-block-column-is-layout-flow\"><div class=\"card-body align-items-center\" style=\"height: 550px\">    <img class=\"acf-view__featured-image\" src=\"https:\/\/cdn.fireireland.ie\/wp-content\/uploads\/2025\/11\/07123654\/Presentation-English-1.png\" width=\"595\" height=\"842\" alt=\"Primary School Pack English\" decoding=\"async\" loading=\"lazy\" srcset=\"https:\/\/cdn.fireireland.ie\/wp-content\/uploads\/2025\/11\/07123654\/Presentation-English-1.png 595w, https:\/\/cdn.fireireland.ie\/wp-content\/uploads\/2025\/11\/07123654\/Presentation-English-1-212x300.png 212w\" sizes=\"auto, (max-width: 595px) 100vw, 595px\">                <div class=\"acf-view__title\">    <h5>Primary School Pack (English Microsoft\u00ae PowerPoint\u2122)<\/h5>    <\/div><div class=\"wp-block-buttons is-content-justification-center is-layout-flex wp-container-core-buttons-is-layout-1 wp-block-buttons-is-layout-flex\">        <div class=\"wp-block-button\"><a class=\"acf-view__leaflet-file wp-block-button__link wp-element-button\" title=\"Primary School Pack (English Microsoft\u00ae PowerPoint\u2122) - PDF\" target=\"_self\" href=\"https:\/\/cdn.fireireland.ie\/wp-content\/uploads\/2025\/11\/07123023\/Presentation-English.pptx\">\u00cdosl\u00f3d\u00e1il<\/a><\/div>    <\/div><\/div><\/div>                                <\/div>                <div class=\"card-block wp-block-columns are-vertically-aligned-center is-layout-flex wp-container-core-columns-layout-1 wp-block-columns-is-layout-flex\">                                    <div class=\"wp-block-column is-vertically-aligned-center is-layout-flow wp-block-column-is-layout-flow\"><div class=\"card-body align-items-center\" style=\"height: 550px\">    <img class=\"acf-view__featured-image\" src=\"https:\/\/cdn.fireireland.ie\/wp-content\/uploads\/2025\/11\/07123812\/Presentation-Gaeilge.png\" width=\"594\" height=\"842\" alt=\"Primary School Pack Gaeilge\" decoding=\"async\" loading=\"lazy\" srcset=\"https:\/\/cdn.fireireland.ie\/wp-content\/uploads\/2025\/11\/07123812\/Presentation-Gaeilge.png 594w, https:\/\/cdn.fireireland.ie\/wp-content\/uploads\/2025\/11\/07123812\/Presentation-Gaeilge-212x300.png 212w\" sizes=\"auto, (max-width: 594px) 100vw, 594px\">                <div class=\"acf-view__title\">    <h5>Primary School Pack (Gaeilge Microsoft\u00ae PowerPoint\u2122)<\/h5>    <\/div><div class=\"wp-block-buttons is-content-justification-center is-layout-flex wp-container-core-buttons-is-layout-1 wp-block-buttons-is-layout-flex\">        <div class=\"wp-block-button\"><a class=\"acf-view__leaflet-file wp-block-button__link wp-element-button\" title=\"Primary School Pack (Gaeilge Microsoft\u00ae PowerPoint\u2122) - PDF\" target=\"_self\" href=\"https:\/\/cdn.fireireland.ie\/wp-content\/uploads\/2025\/11\/07123753\/Presentation-Gaeilge.pptx\">\u00cdosl\u00f3d\u00e1il<\/a><\/div>    <\/div><\/div><\/div>                                 <div class=\"empty-block wp-block-column is-vertically-aligned-center is-layout-flow wp-block-column-is-layout-flow\">                <\/div>                             <div class=\"empty-block wp-block-column is-vertically-aligned-center is-layout-flow wp-block-column-is-layout-flow\">                <\/div>                        <\/div><\/div>\n\n<div style=\"height:50px\" aria-hidden=\"true\" class=\"wp-block-spacer\"><\/div>\n","protected":false},"excerpt":{"rendered":"<p>\u00cdosl\u00f3d\u00e1il Anois<\/p>\n","protected":false},"author":1,"featured_media":0,"parent":585,"menu_order":0,"comment_status":"closed","ping_status":"closed","template":"","meta":{"_acf_changed":false,"_uag_custom_page_level_css":"","site-sidebar-layout":"default","site-content-layout":"","ast-site-content-layout":"default","site-content-style":"default","site-sidebar-style":"default","ast-global-header-display":"","ast-banner-title-visibility":"","ast-main-header-display":"","ast-hfb-above-header-display":"","ast-hfb-below-header-display":"","ast-hfb-mobile-header-display":"","site-post-title":"disabled","ast-breadcrumbs-content":"","ast-featured-img":"","footer-sml-layout":"","ast-disable-related-posts":"","theme-transparent-header-meta":"","adv-header-id-meta":"","stick-header-meta":"","header-above-stick-meta":"","header-main-stick-meta":"","header-below-stick-meta":"","astra-migrate-meta-layouts":"default","ast-page-background-enabled":"default","ast-page-background-meta":{"desktop":{"background-color":"var(--ast-global-color-4)","background-image":"","background-repeat":"repeat","background-position":"center center","background-size":"auto","background-attachment":"scroll","background-type":"","background-media":"","overlay-type":"","overlay-color":"","overlay-opacity":"","overlay-gradient":""},"tablet":{"background-color":"","background-image":"","background-repeat":"repeat","background-position":"center center","background-size":"auto","background-attachment":"scroll","background-type":"","background-media":"","overlay-type":"","overlay-color":"","overlay-opacity":"","overlay-gradient":""},"mobile":{"background-color":"","background-image":"","background-repeat":"repeat","background-position":"center center","background-size":"auto","background-attachment":"scroll","background-type":"","background-media":"","overlay-type":"","overlay-color":"","overlay-opacity":"","overlay-gradient":""}},"ast-content-background-meta":{"desktop":{"background-color":"var(--ast-global-color-5)","background-image":"","background-repeat":"repeat","background-position":"center center","background-size":"auto","background-attachment":"scroll","background-type":"","background-media":"","overlay-type":"","overlay-color":"","overlay-opacity":"","overlay-gradient":""},"tablet":{"background-color":"var(--ast-global-color-5)","background-image":"","background-repeat":"repeat","background-position":"center center","background-size":"auto","background-attachment":"scroll","background-type":"","background-media":"","overlay-type":"","overlay-color":"","overlay-opacity":"","overlay-gradient":""},"mobile":{"background-color":"var(--ast-global-color-5)","background-image":"","background-repeat":"repeat","background-position":"center center","background-size":"auto","background-attachment":"scroll","background-type":"","background-media":"","overlay-type":"","overlay-color":"","overlay-opacity":"","overlay-gradient":""}},"pgc_sgb_lightbox_settings":"","footnotes":""},"categories":[],"tags":[],"class_list":["post-3083","page","type-page","status-publish","hentry"],"acf":[],"yoast_head":"<!-- This site is optimized with the Yoast SEO plugin v27.2 - https:\/\/yoast.com\/product\/yoast-seo-wordpress\/ -->\n<title>Pac\u00e1ist\u00ed Bunscoile - Fire Ireland<\/title>\n<meta name=\"robots\" content=\"index, follow, max-snippet:-1, max-image-preview:large, max-video-preview:-1\" \/>\n<link rel=\"canonical\" href=\"https:\/\/www.fireireland.ie\/ga\/cuinne-na-leanai\/pacaisti-bunscoile\/\" \/>\n<meta property=\"og:locale\" content=\"ga_IE\" \/>\n<meta property=\"og:type\" content=\"article\" \/>\n<meta property=\"og:title\" content=\"Pac\u00e1ist\u00ed Bunscoile - Fire Ireland\" \/>\n<meta property=\"og:description\" content=\"\u00cdosl\u00f3d\u00e1il Anois\" \/>\n<meta property=\"og:url\" content=\"https:\/\/www.fireireland.ie\/ga\/cuinne-na-leanai\/pacaisti-bunscoile\/\" \/>\n<meta property=\"og:site_name\" content=\"Fire Ireland\" \/>\n<meta property=\"article:publisher\" content=\"http:\/\/www.facebook.com\/IrishFireSafety\" \/>\n<meta property=\"article:modified_time\" content=\"2025-11-13T12:11:47+00:00\" \/>\n<meta property=\"og:image\" content=\"https:\/\/www.fireireland.ie\/wp-content\/uploads\/2025\/11\/Header_edited-2.jpg\" \/>\n<meta name=\"twitter:card\" content=\"summary_large_image\" \/>\n<meta name=\"twitter:site\" content=\"@FireSafetyIre\" \/>\n<script type=\"application\/ld+json\" class=\"yoast-schema-graph\">{\"@context\":\"https:\/\/schema.org\",\"@graph\":[{\"@type\":\"WebPage\",\"@id\":\"https:\/\/www.fireireland.ie\/ga\/cuinne-na-leanai\/pacaisti-bunscoile\/\",\"url\":\"https:\/\/www.fireireland.ie\/ga\/cuinne-na-leanai\/pacaisti-bunscoile\/\",\"name\":\"Pac\u00e1ist\u00ed Bunscoile - Fire Ireland\",\"isPartOf\":{\"@id\":\"https:\/\/www.fireireland.ie\/ga\/#website\"},\"primaryImageOfPage\":{\"@id\":\"https:\/\/www.fireireland.ie\/ga\/cuinne-na-leanai\/pacaisti-bunscoile\/#primaryimage\"},\"image\":{\"@id\":\"https:\/\/www.fireireland.ie\/ga\/cuinne-na-leanai\/pacaisti-bunscoile\/#primaryimage\"},\"thumbnailUrl\":\"https:\/\/www.fireireland.ie\/wp-content\/uploads\/2025\/11\/Header_edited-2.jpg\",\"datePublished\":\"2025-11-07T11:50:24+00:00\",\"dateModified\":\"2025-11-13T12:11:47+00:00\",\"breadcrumb\":{\"@id\":\"https:\/\/www.fireireland.ie\/ga\/cuinne-na-leanai\/pacaisti-bunscoile\/#breadcrumb\"},\"inLanguage\":\"ga-IE\",\"potentialAction\":[{\"@type\":\"ReadAction\",\"target\":[\"https:\/\/www.fireireland.ie\/ga\/cuinne-na-leanai\/pacaisti-bunscoile\/\"]}]},{\"@type\":\"ImageObject\",\"inLanguage\":\"ga-IE\",\"@id\":\"https:\/\/www.fireireland.ie\/ga\/cuinne-na-leanai\/pacaisti-bunscoile\/#primaryimage\",\"url\":\"https:\/\/www.fireireland.ie\/wp-content\/uploads\/2025\/11\/Header_edited-2.jpg\",\"contentUrl\":\"https:\/\/www.fireireland.ie\/wp-content\/uploads\/2025\/11\/Header_edited-2.jpg\"},{\"@type\":\"BreadcrumbList\",\"@id\":\"https:\/\/www.fireireland.ie\/ga\/cuinne-na-leanai\/pacaisti-bunscoile\/#breadcrumb\",\"itemListElement\":[{\"@type\":\"ListItem\",\"position\":1,\"name\":\"Home\",\"item\":\"https:\/\/www.fireireland.ie\/ga\/\"},{\"@type\":\"ListItem\",\"position\":2,\"name\":\"C\u00fainne na Leana\u00ed\",\"item\":\"https:\/\/www.fireireland.ie\/ga\/cuinne-na-leanai\/\"},{\"@type\":\"ListItem\",\"position\":3,\"name\":\"Pac\u00e1ist\u00ed Bunscoile\"}]},{\"@type\":\"WebSite\",\"@id\":\"https:\/\/www.fireireland.ie\/ga\/#website\",\"url\":\"https:\/\/www.fireireland.ie\/ga\/\",\"name\":\"Fire Ireland\",\"description\":\"\",\"publisher\":{\"@id\":\"https:\/\/www.fireireland.ie\/ga\/#organization\"},\"potentialAction\":[{\"@type\":\"SearchAction\",\"target\":{\"@type\":\"EntryPoint\",\"urlTemplate\":\"https:\/\/www.fireireland.ie\/ga\/?s={search_term_string}\"},\"query-input\":{\"@type\":\"PropertyValueSpecification\",\"valueRequired\":true,\"valueName\":\"search_term_string\"}}],\"inLanguage\":\"ga-IE\"},{\"@type\":\"Organization\",\"@id\":\"https:\/\/www.fireireland.ie\/ga\/#organization\",\"name\":\"Department of Housing, Local Government and Heritage\",\"url\":\"https:\/\/www.fireireland.ie\/ga\/\",\"logo\":{\"@type\":\"ImageObject\",\"inLanguage\":\"ga-IE\",\"@id\":\"https:\/\/www.fireireland.ie\/ga\/#\/schema\/logo\/image\/\",\"url\":\"https:\/\/cdn.fireireland.ie\/wp-content\/uploads\/2024\/02\/02094911\/fireireland-1.png\",\"contentUrl\":\"https:\/\/cdn.fireireland.ie\/wp-content\/uploads\/2024\/02\/02094911\/fireireland-1.png\",\"width\":261,\"height\":72,\"caption\":\"Department of Housing, Local Government and Heritage\"},\"image\":{\"@id\":\"https:\/\/www.fireireland.ie\/ga\/#\/schema\/logo\/image\/\"},\"sameAs\":[\"http:\/\/www.facebook.com\/IrishFireSafety\",\"https:\/\/x.com\/FireSafetyIre\",\"http:\/\/www.youtube.com\/user\/NDFEM\"]}]}<\/script>\n<!-- \/ Yoast SEO plugin. -->","yoast_head_json":{"title":"Pac\u00e1ist\u00ed Bunscoile - Fire Ireland","robots":{"index":"index","follow":"follow","max-snippet":"max-snippet:-1","max-image-preview":"max-image-preview:large","max-video-preview":"max-video-preview:-1"},"canonical":"https:\/\/www.fireireland.ie\/ga\/cuinne-na-leanai\/pacaisti-bunscoile\/","og_locale":"ga_IE","og_type":"article","og_title":"Pac\u00e1ist\u00ed Bunscoile - Fire Ireland","og_description":"\u00cdosl\u00f3d\u00e1il Anois","og_url":"https:\/\/www.fireireland.ie\/ga\/cuinne-na-leanai\/pacaisti-bunscoile\/","og_site_name":"Fire Ireland","article_publisher":"http:\/\/www.facebook.com\/IrishFireSafety","article_modified_time":"2025-11-13T12:11:47+00:00","og_image":[{"url":"https:\/\/www.fireireland.ie\/wp-content\/uploads\/2025\/11\/Header_edited-2.jpg","type":"","width":"","height":""}],"twitter_card":"summary_large_image","twitter_site":"@FireSafetyIre","schema":{"@context":"https:\/\/schema.org","@graph":[{"@type":"WebPage","@id":"https:\/\/www.fireireland.ie\/ga\/cuinne-na-leanai\/pacaisti-bunscoile\/","url":"https:\/\/www.fireireland.ie\/ga\/cuinne-na-leanai\/pacaisti-bunscoile\/","name":"Pac\u00e1ist\u00ed Bunscoile - Fire Ireland","isPartOf":{"@id":"https:\/\/www.fireireland.ie\/ga\/#website"},"primaryImageOfPage":{"@id":"https:\/\/www.fireireland.ie\/ga\/cuinne-na-leanai\/pacaisti-bunscoile\/#primaryimage"},"image":{"@id":"https:\/\/www.fireireland.ie\/ga\/cuinne-na-leanai\/pacaisti-bunscoile\/#primaryimage"},"thumbnailUrl":"https:\/\/www.fireireland.ie\/wp-content\/uploads\/2025\/11\/Header_edited-2.jpg","datePublished":"2025-11-07T11:50:24+00:00","dateModified":"2025-11-13T12:11:47+00:00","breadcrumb":{"@id":"https:\/\/www.fireireland.ie\/ga\/cuinne-na-leanai\/pacaisti-bunscoile\/#breadcrumb"},"inLanguage":"ga-IE","potentialAction":[{"@type":"ReadAction","target":["https:\/\/www.fireireland.ie\/ga\/cuinne-na-leanai\/pacaisti-bunscoile\/"]}]},{"@type":"ImageObject","inLanguage":"ga-IE","@id":"https:\/\/www.fireireland.ie\/ga\/cuinne-na-leanai\/pacaisti-bunscoile\/#primaryimage","url":"https:\/\/www.fireireland.ie\/wp-content\/uploads\/2025\/11\/Header_edited-2.jpg","contentUrl":"https:\/\/www.fireireland.ie\/wp-content\/uploads\/2025\/11\/Header_edited-2.jpg"},{"@type":"BreadcrumbList","@id":"https:\/\/www.fireireland.ie\/ga\/cuinne-na-leanai\/pacaisti-bunscoile\/#breadcrumb","itemListElement":[{"@type":"ListItem","position":1,"name":"Home","item":"https:\/\/www.fireireland.ie\/ga\/"},{"@type":"ListItem","position":2,"name":"C\u00fainne na Leana\u00ed","item":"https:\/\/www.fireireland.ie\/ga\/cuinne-na-leanai\/"},{"@type":"ListItem","position":3,"name":"Pac\u00e1ist\u00ed Bunscoile"}]},{"@type":"WebSite","@id":"https:\/\/www.fireireland.ie\/ga\/#website","url":"https:\/\/www.fireireland.ie\/ga\/","name":"Fire Ireland","description":"","publisher":{"@id":"https:\/\/www.fireireland.ie\/ga\/#organization"},"potentialAction":[{"@type":"SearchAction","target":{"@type":"EntryPoint","urlTemplate":"https:\/\/www.fireireland.ie\/ga\/?s={search_term_string}"},"query-input":{"@type":"PropertyValueSpecification","valueRequired":true,"valueName":"search_term_string"}}],"inLanguage":"ga-IE"},{"@type":"Organization","@id":"https:\/\/www.fireireland.ie\/ga\/#organization","name":"Department of Housing, Local Government and Heritage","url":"https:\/\/www.fireireland.ie\/ga\/","logo":{"@type":"ImageObject","inLanguage":"ga-IE","@id":"https:\/\/www.fireireland.ie\/ga\/#\/schema\/logo\/image\/","url":"https:\/\/cdn.fireireland.ie\/wp-content\/uploads\/2024\/02\/02094911\/fireireland-1.png","contentUrl":"https:\/\/cdn.fireireland.ie\/wp-content\/uploads\/2024\/02\/02094911\/fireireland-1.png","width":261,"height":72,"caption":"Department of Housing, Local Government and Heritage"},"image":{"@id":"https:\/\/www.fireireland.ie\/ga\/#\/schema\/logo\/image\/"},"sameAs":["http:\/\/www.facebook.com\/IrishFireSafety","https:\/\/x.com\/FireSafetyIre","http:\/\/www.youtube.com\/user\/NDFEM"]}]}},"spectra_custom_meta":{"ast-main-header-display":[""],"ast-hfb-above-header-display":[""],"ast-hfb-below-header-display":[""],"ast-hfb-mobile-header-display":[""],"adv-header-id-meta":[""],"footer-sml-layout":[""],"stick-header-meta":[""],"header-main-stick-meta":[""],"header-above-stick-meta":[""],"header-below-stick-meta":[""],"site-post-title":["disabled"],"site-sidebar-layout":["default"],"site-content-layout":[""],"ast-featured-img":[""],"ast-breadcrumbs-content":[""],"theme-transparent-header-meta":[""],"ast-site-content-layout":["default"],"site-content-style":["default"],"site-sidebar-style":["default"],"_wpml_media_duplicate":["1"],"_wpml_media_featured":["1"],"ast-banner-title-visibility":[""],"ast-global-header-display":[""],"_yoast_wpseo_primary_category":[""],"_top_nav_excluded":[""],"_cms_nav_minihome":[""],"amazonS3_cache":["a:2:{s:67:\"\/\/www.fireireland.ie\/wp-content\/uploads\/2025\/11\/Header_edited-2.jpg\";a:2:{s:2:\"id\";i:3071;s:11:\"source_type\";s:13:\"media-library\";}s:76:\"\/\/cdn.fireireland.ie\/wp-content\/uploads\/2025\/11\/07155834\/Header_edited-2.jpg\";a:2:{s:2:\"id\";i:3071;s:11:\"source_type\";s:13:\"media-library\";}}"],"_last_translation_edit_mode":["translation-editor"],"_wpml_word_count":["22"],"_uag_page_assets":["a:9:{s:3:\"css\";s:0:\"\";s:2:\"js\";s:0:\"\";s:18:\"current_block_list\";a:16:{i:0;s:10:\"core\/cover\";i:1;s:10:\"core\/group\";i:2;s:12:\"core\/heading\";i:3;s:14:\"core\/paragraph\";i:4;s:11:\"core\/spacer\";i:5;s:14:\"core\/shortcode\";i:6;s:11:\"core\/search\";i:7;s:17:\"core\/latest-posts\";i:8;s:20:\"core\/latest-comments\";i:9;s:13:\"core\/archives\";i:10;s:15:\"core\/categories\";i:11;s:17:\"core\/social-links\";i:12;s:16:\"core\/social-link\";i:13;s:12:\"core\/columns\";i:14;s:11:\"core\/column\";i:15;s:10:\"core\/image\";}s:8:\"uag_flag\";b:0;s:11:\"uag_version\";s:10:\"1774521536\";s:6:\"gfonts\";a:0:{}s:10:\"gfonts_url\";s:0:\"\";s:12:\"gfonts_files\";a:0:{}s:14:\"uag_faq_layout\";b:0;}"]},"uagb_featured_image_src":{"full":false,"thumbnail":false,"medium":false,"medium_large":false,"large":false,"1536x1536":false,"2048x2048":false,"gform-image-choice-sm":false,"gform-image-choice-md":false,"gform-image-choice-lg":false},"uagb_author_info":{"display_name":"Robert.Lockwood","author_link":"https:\/\/www.fireireland.ie\/ga\/author\/robert-lockwood\/"},"uagb_comment_info":0,"uagb_excerpt":"\u00cdosl\u00f3d\u00e1il Anois","_links":{"self":[{"href":"https:\/\/www.fireireland.ie\/ga\/wp-json\/wp\/v2\/pages\/3083","targetHints":{"allow":["GET"]}}],"collection":[{"href":"https:\/\/www.fireireland.ie\/ga\/wp-json\/wp\/v2\/pages"}],"about":[{"href":"https:\/\/www.fireireland.ie\/ga\/wp-json\/wp\/v2\/types\/page"}],"author":[{"embeddable":true,"href":"https:\/\/www.fireireland.ie\/ga\/wp-json\/wp\/v2\/users\/1"}],"replies":[{"embeddable":true,"href":"https:\/\/www.fireireland.ie\/ga\/wp-json\/wp\/v2\/comments?post=3083"}],"version-history":[{"count":1,"href":"https:\/\/www.fireireland.ie\/ga\/wp-json\/wp\/v2\/pages\/3083\/revisions"}],"predecessor-version":[{"id":3084,"href":"https:\/\/www.fireireland.ie\/ga\/wp-json\/wp\/v2\/pages\/3083\/revisions\/3084"}],"up":[{"embeddable":true,"href":"https:\/\/www.fireireland.ie\/ga\/wp-json\/wp\/v2\/pages\/585"}],"wp:attachment":[{"href":"https:\/\/www.fireireland.ie\/ga\/wp-json\/wp\/v2\/media?parent=3083"}],"wp:term":[{"taxonomy":"category","embeddable":true,"href":"https:\/\/www.fireireland.ie\/ga\/wp-json\/wp\/v2\/categories?post=3083"},{"taxonomy":"post_tag","embeddable":true,"href":"https:\/\/www.fireireland.ie\/ga\/wp-json\/wp\/v2\/tags?post=3083"}],"curies":[{"name":"wp","href":"https:\/\/api.w.org\/{rel}","templated":true}]}}